{"id":66881,"date":"2025-11-22T03:34:56","date_gmt":"2025-11-22T00:34:56","guid":{"rendered":"https:\/\/baldumarket.lt\/product\/volant-160-extension-table-top-black-marble-legs-golden-oak-black\/"},"modified":"2026-02-04T00:35:36","modified_gmt":"2026-02-03T21:35:36","slug":"volant-160-extension-table-top-black-marble-legs-golden-oak-black","status":"publish","type":"product","link":"https:\/\/baldumarket.lt\/lt\/product\/volant-160-extension-table-top-black-marble-legs-golden-oak-black\/","title":{"rendered":"VOLANT 160 prailginamas stalas, stalvir\u0161is \u2013 juodas marmuras, kojos \u2013 auksinis \u0105\u017euolas \/ juoda"},"content":{"rendered":"<h5><span style=\"color: #54859b\">Apsilankykite m\u016bs\u0173 virtualioje HALMAR MEBLE prek\u0117s \u017eenklo parduotuv\u0117je<\/span><\/h5>\n<p> <a href=\"https:\/\/my.matterport.com\/show\/?m=A37Zvh6YfmB\" target=\"_blank\" rel=\"noopener\"><span style=\"color: #e47025\">https:\/\/my.matterport.com\/<\/span><\/a><\/p>","protected":false},"excerpt":{"rendered":"<p>Matmenys: 160-200\/90\/76 cm, prailginamas stalas, med\u017eiaga: sukepinto akmens lakas, MDF \/ laminuotas MDF \/ milteliniu b\u016bdu da\u017eytas plienas, spalva: stalvir\u0161is \u2013 juodas marmuras, kojos \u2013 auksinis \u0105\u017euolas \/ juoda<\/p>","protected":false},"featured_media":66882,"comment_status":"open","ping_status":"open","template":"","meta":[],"product_brand":[],"product_cat":[2013,9136,1934],"product_tag":[],"class_list":{"0":"post-66881","1":"product","2":"type-product","3":"status-publish","4":"has-post-thumbnail","6":"product_cat-halmar","7":"product_cat-tables-halmar","8":"product_cat-tables","10":"first","11":"instock","12":"purchasable","13":"product-type-simple"},"_links":{"self":[{"href":"https:\/\/baldumarket.lt\/lt\/wp-json\/wp\/v2\/product\/66881","targetHints":{"allow":["GET"]}}],"collection":[{"href":"https:\/\/baldumarket.lt\/lt\/wp-json\/wp\/v2\/product"}],"about":[{"href":"https:\/\/baldumarket.lt\/lt\/wp-json\/wp\/v2\/types\/product"}],"replies":[{"embeddable":true,"href":"https:\/\/baldumarket.lt\/lt\/wp-json\/wp\/v2\/comments?post=66881"}],"wp:featuredmedia":[{"embeddable":true,"href":"https:\/\/baldumarket.lt\/lt\/wp-json\/wp\/v2\/media\/66882"}],"wp:attachment":[{"href":"https:\/\/baldumarket.lt\/lt\/wp-json\/wp\/v2\/media?parent=66881"}],"wp:term":[{"taxonomy":"product_brand","embeddable":true,"href":"https:\/\/baldumarket.lt\/lt\/wp-json\/wp\/v2\/product_brand?post=66881"},{"taxonomy":"product_cat","embeddable":true,"href":"https:\/\/baldumarket.lt\/lt\/wp-json\/wp\/v2\/product_cat?post=66881"},{"taxonomy":"product_tag","embeddable":true,"href":"https:\/\/baldumarket.lt\/lt\/wp-json\/wp\/v2\/product_tag?post=66881"}],"curies":[{"name":"wp","href":"https:\/\/api.w.org\/{rel}","templated":true}]}}