{"id":66271,"date":"2025-11-22T03:24:11","date_gmt":"2025-11-22T00:24:11","guid":{"rendered":"https:\/\/baldumarket.lt\/product\/tiago-2-extension-table-craft-oak-craft-oak\/"},"modified":"2026-02-04T00:35:42","modified_gmt":"2026-02-03T21:35:42","slug":"tiago-2-extension-table-craft-oak-craft-oak","status":"publish","type":"product","link":"https:\/\/baldumarket.lt\/lt\/product\/tiago-2-extension-table-craft-oak-craft-oak\/","title":{"rendered":"TIAGO 2 prailginamas stalas, dirbtinio \u0105\u017euolo imitacija \/ dirbtinio \u0105\u017euolo imitacija"},"content":{"rendered":"<h5><span style=\"color: #54859b\">Apsilankykite m\u016bs\u0173 virtualioje HALMAR MEBLE prek\u0117s \u017eenklo parduotuv\u0117je<\/span><\/h5>\n<p> <a href=\"https:\/\/my.matterport.com\/show\/?m=A37Zvh6YfmB\" target=\"_blank\" rel=\"noopener\"><span style=\"color: #e47025\">https:\/\/my.matterport.com\/<\/span><\/a><\/p>","protected":false},"excerpt":{"rendered":"<p>Prailginamas stalas, matmenys: 140-220\/80\/77 cm, med\u017eiaga: stalvir\u0161is \u2013 laminuotas MDF, ABS kra\u0161tai, kojos \u2013 laminuotas MDF, spalva: stalvir\u0161is \u2013 dirbtinis \u0105\u017euolas, kojos \u2013 dirbtinis \u0105\u017euolas<\/p>","protected":false},"featured_media":66272,"comment_status":"open","ping_status":"open","template":"","meta":[],"product_brand":[],"product_cat":[2013,9136,1934],"product_tag":[],"class_list":{"0":"post-66271","1":"product","2":"type-product","3":"status-publish","4":"has-post-thumbnail","6":"product_cat-halmar","7":"product_cat-tables-halmar","8":"product_cat-tables","10":"first","11":"instock","12":"purchasable","13":"product-type-simple"},"_links":{"self":[{"href":"https:\/\/baldumarket.lt\/lt\/wp-json\/wp\/v2\/product\/66271","targetHints":{"allow":["GET"]}}],"collection":[{"href":"https:\/\/baldumarket.lt\/lt\/wp-json\/wp\/v2\/product"}],"about":[{"href":"https:\/\/baldumarket.lt\/lt\/wp-json\/wp\/v2\/types\/product"}],"replies":[{"embeddable":true,"href":"https:\/\/baldumarket.lt\/lt\/wp-json\/wp\/v2\/comments?post=66271"}],"wp:featuredmedia":[{"embeddable":true,"href":"https:\/\/baldumarket.lt\/lt\/wp-json\/wp\/v2\/media\/66272"}],"wp:attachment":[{"href":"https:\/\/baldumarket.lt\/lt\/wp-json\/wp\/v2\/media?parent=66271"}],"wp:term":[{"taxonomy":"product_brand","embeddable":true,"href":"https:\/\/baldumarket.lt\/lt\/wp-json\/wp\/v2\/product_brand?post=66271"},{"taxonomy":"product_cat","embeddable":true,"href":"https:\/\/baldumarket.lt\/lt\/wp-json\/wp\/v2\/product_cat?post=66271"},{"taxonomy":"product_tag","embeddable":true,"href":"https:\/\/baldumarket.lt\/lt\/wp-json\/wp\/v2\/product_tag?post=66271"}],"curies":[{"name":"wp","href":"https:\/\/api.w.org\/{rel}","templated":true}]}}