{"id":65131,"date":"2025-11-22T03:05:08","date_gmt":"2025-11-22T00:05:08","guid":{"rendered":"https:\/\/baldumarket.lt\/product\/pampa-coffee-table-with-pouffes-top-walnut-legs-black-pouffe-grey\/"},"modified":"2026-02-04T00:35:54","modified_gmt":"2026-02-03T21:35:54","slug":"pampa-coffee-table-with-pouffes-top-walnut-legs-black-pouffe-grey","status":"publish","type":"product","link":"https:\/\/baldumarket.lt\/lt\/product\/pampa-coffee-table-with-pouffes-top-walnut-legs-black-pouffe-grey\/","title":{"rendered":"PAMPA, kavos staliukas su pufais, stalvir\u0161is: rie\u0161utmedis, kojos: juodos, pufas: pilkas"},"content":{"rendered":"<h5><span style=\"color: #54859b\">Apsilankykite m\u016bs\u0173 virtualioje HALMAR MEBLE prek\u0117s \u017eenklo parduotuv\u0117je<\/span><\/h5>\n<p> <a href=\"https:\/\/my.matterport.com\/show\/?m=A37Zvh6YfmB\" target=\"_blank\" rel=\"noopener\"><span style=\"color: #e47025\">https:\/\/my.matterport.com\/<\/span><\/a><\/p>","protected":false},"excerpt":{"rendered":"<p>Matmenys: 88\/43\/49 cm, kavos staliukas su pufais, med\u017eiaga: laminuota MDF \/ milteliniu b\u016bdu da\u017eytas plienas \/ audinys, spalva: dirbtinis \u0105\u017euolas \/ juoda matin\u0117<\/p>","protected":false},"featured_media":65132,"comment_status":"open","ping_status":"open","template":"","meta":[],"product_brand":[],"product_cat":[866,2013,9147],"product_tag":[],"class_list":{"0":"post-65131","1":"product","2":"type-product","3":"status-publish","4":"has-post-thumbnail","6":"product_cat-coffee-tables","7":"product_cat-halmar","8":"product_cat-coffee-tables-halmar","10":"first","11":"instock","12":"purchasable","13":"product-type-simple"},"_links":{"self":[{"href":"https:\/\/baldumarket.lt\/lt\/wp-json\/wp\/v2\/product\/65131","targetHints":{"allow":["GET"]}}],"collection":[{"href":"https:\/\/baldumarket.lt\/lt\/wp-json\/wp\/v2\/product"}],"about":[{"href":"https:\/\/baldumarket.lt\/lt\/wp-json\/wp\/v2\/types\/product"}],"replies":[{"embeddable":true,"href":"https:\/\/baldumarket.lt\/lt\/wp-json\/wp\/v2\/comments?post=65131"}],"wp:featuredmedia":[{"embeddable":true,"href":"https:\/\/baldumarket.lt\/lt\/wp-json\/wp\/v2\/media\/65132"}],"wp:attachment":[{"href":"https:\/\/baldumarket.lt\/lt\/wp-json\/wp\/v2\/media?parent=65131"}],"wp:term":[{"taxonomy":"product_brand","embeddable":true,"href":"https:\/\/baldumarket.lt\/lt\/wp-json\/wp\/v2\/product_brand?post=65131"},{"taxonomy":"product_cat","embeddable":true,"href":"https:\/\/baldumarket.lt\/lt\/wp-json\/wp\/v2\/product_cat?post=65131"},{"taxonomy":"product_tag","embeddable":true,"href":"https:\/\/baldumarket.lt\/lt\/wp-json\/wp\/v2\/product_tag?post=65131"}],"curies":[{"name":"wp","href":"https:\/\/api.w.org\/{rel}","templated":true}]}}