{"id":64282,"date":"2025-11-22T02:51:17","date_gmt":"2025-11-21T23:51:17","guid":{"rendered":"https:\/\/baldumarket.lt\/product\/massive-2-extension-table-color-natural-oak\/"},"modified":"2026-02-04T00:36:05","modified_gmt":"2026-02-03T21:36:05","slug":"massive-2-extension-table-color-natural-oak","status":"publish","type":"product","link":"https:\/\/baldumarket.lt\/lt\/product\/massive-2-extension-table-color-natural-oak\/","title":{"rendered":"MASSIVE 2 prailginamas stalas, spalva: nat\u016bralus \u0105\u017euolas"},"content":{"rendered":"<h5><span style=\"color: #54859b\">Apsilankykite m\u016bs\u0173 virtualioje HALMAR MEBLE prek\u0117s \u017eenklo parduotuv\u0117je<\/span><\/h5>\n<p> <a href=\"https:\/\/my.matterport.com\/show\/?m=A37Zvh6YfmB\" target=\"_blank\" rel=\"noopener\"><span style=\"color: #e47025\">https:\/\/my.matterport.com\/<\/span><\/a><\/p>","protected":false},"excerpt":{"rendered":"<p>MASSIVINIS stalvir\u0161io prailginimas (matmenys: 45 \u00d7 90 cm \u2013 2 vnt.), med\u017eiaga: stalvir\u0161is \u2013 faneruota lenta, kra\u0161tai \u2013 med\u017eio masyvas, spalva: stalvir\u0161is \u2013 nat\u016bralus \u0105\u017euolas<br \/>\nAlyvuotas stalvir\u0161is \u2013 reikalauja specialios prie\u017ei\u016bros, i\u0161samesn\u0117 informacija pateikiama vadove.<\/p>","protected":false},"featured_media":64283,"comment_status":"open","ping_status":"open","template":"","meta":[],"product_brand":[],"product_cat":[2013,9136,1934],"product_tag":[],"class_list":{"0":"post-64282","1":"product","2":"type-product","3":"status-publish","4":"has-post-thumbnail","6":"product_cat-halmar","7":"product_cat-tables-halmar","8":"product_cat-tables","10":"first","11":"instock","12":"purchasable","13":"product-type-simple"},"_links":{"self":[{"href":"https:\/\/baldumarket.lt\/lt\/wp-json\/wp\/v2\/product\/64282","targetHints":{"allow":["GET"]}}],"collection":[{"href":"https:\/\/baldumarket.lt\/lt\/wp-json\/wp\/v2\/product"}],"about":[{"href":"https:\/\/baldumarket.lt\/lt\/wp-json\/wp\/v2\/types\/product"}],"replies":[{"embeddable":true,"href":"https:\/\/baldumarket.lt\/lt\/wp-json\/wp\/v2\/comments?post=64282"}],"wp:featuredmedia":[{"embeddable":true,"href":"https:\/\/baldumarket.lt\/lt\/wp-json\/wp\/v2\/media\/64283"}],"wp:attachment":[{"href":"https:\/\/baldumarket.lt\/lt\/wp-json\/wp\/v2\/media?parent=64282"}],"wp:term":[{"taxonomy":"product_brand","embeddable":true,"href":"https:\/\/baldumarket.lt\/lt\/wp-json\/wp\/v2\/product_brand?post=64282"},{"taxonomy":"product_cat","embeddable":true,"href":"https:\/\/baldumarket.lt\/lt\/wp-json\/wp\/v2\/product_cat?post=64282"},{"taxonomy":"product_tag","embeddable":true,"href":"https:\/\/baldumarket.lt\/lt\/wp-json\/wp\/v2\/product_tag?post=64282"}],"curies":[{"name":"wp","href":"https:\/\/api.w.org\/{rel}","templated":true}]}}