{"id":61405,"date":"2025-11-22T01:35:59","date_gmt":"2025-11-21T22:35:59","guid":{"rendered":"https:\/\/baldumarket.lt\/product\/brandon-extension-table-cashmere-cremona-oak\/"},"modified":"2026-02-04T00:36:37","modified_gmt":"2026-02-03T21:36:37","slug":"brandon-extension-table-cashmere-cremona-oak","status":"publish","type":"product","link":"https:\/\/baldumarket.lt\/lt\/product\/brandon-extension-table-cashmere-cremona-oak\/","title":{"rendered":"BRANDON prailginamasis stalas, ka\u0161myro \/ kremonos \u0105\u017euolo"},"content":{"rendered":"<h5><span style=\"color: #54859b\">Apsilankykite m\u016bs\u0173 virtualioje HALMAR MEBLE prek\u0117s \u017eenklo parduotuv\u0117je<\/span><\/h5>\n<p> <a href=\"https:\/\/my.matterport.com\/show\/?m=A37Zvh6YfmB\" target=\"_blank\" rel=\"noopener\"><span style=\"color: #e47025\">https:\/\/my.matterport.com\/<\/span><\/a><\/p>","protected":false},"excerpt":{"rendered":"<p>Matmenys: 160-200\/90\/77 cm, prailginamas stalas, med\u017eiaga: laminuota med\u017eio dro\u017eli\u0173 plok\u0161t\u0117, spalva: ka\u0161myras \/ kremonos \u0105\u017euolas<\/p>","protected":false},"featured_media":61406,"comment_status":"open","ping_status":"open","template":"","meta":[],"product_brand":[],"product_cat":[2013,9136,1934],"product_tag":[],"class_list":{"0":"post-61405","1":"product","2":"type-product","3":"status-publish","4":"has-post-thumbnail","6":"product_cat-halmar","7":"product_cat-tables-halmar","8":"product_cat-tables","10":"first","11":"instock","12":"purchasable","13":"product-type-simple"},"_links":{"self":[{"href":"https:\/\/baldumarket.lt\/lt\/wp-json\/wp\/v2\/product\/61405","targetHints":{"allow":["GET"]}}],"collection":[{"href":"https:\/\/baldumarket.lt\/lt\/wp-json\/wp\/v2\/product"}],"about":[{"href":"https:\/\/baldumarket.lt\/lt\/wp-json\/wp\/v2\/types\/product"}],"replies":[{"embeddable":true,"href":"https:\/\/baldumarket.lt\/lt\/wp-json\/wp\/v2\/comments?post=61405"}],"wp:featuredmedia":[{"embeddable":true,"href":"https:\/\/baldumarket.lt\/lt\/wp-json\/wp\/v2\/media\/61406"}],"wp:attachment":[{"href":"https:\/\/baldumarket.lt\/lt\/wp-json\/wp\/v2\/media?parent=61405"}],"wp:term":[{"taxonomy":"product_brand","embeddable":true,"href":"https:\/\/baldumarket.lt\/lt\/wp-json\/wp\/v2\/product_brand?post=61405"},{"taxonomy":"product_cat","embeddable":true,"href":"https:\/\/baldumarket.lt\/lt\/wp-json\/wp\/v2\/product_cat?post=61405"},{"taxonomy":"product_tag","embeddable":true,"href":"https:\/\/baldumarket.lt\/lt\/wp-json\/wp\/v2\/product_tag?post=61405"}],"curies":[{"name":"wp","href":"https:\/\/api.w.org\/{rel}","templated":true}]}}