{"id":60949,"date":"2025-11-22T01:28:35","date_gmt":"2025-11-21T22:28:35","guid":{"rendered":"https:\/\/baldumarket.lt\/product\/bacardi-extension-table-color-top-natural-oak-legs-black\/"},"modified":"2026-02-04T00:36:41","modified_gmt":"2026-02-03T21:36:41","slug":"bacardi-extension-table-color-top-natural-oak-legs-black","status":"publish","type":"product","link":"https:\/\/baldumarket.lt\/lt\/product\/bacardi-extension-table-color-top-natural-oak-legs-black\/","title":{"rendered":"BACARDI prailginamas stalas, spalva: stalvir\u0161is \u2013 nat\u016bralus \u0105\u017euolas, kojos \u2013 juodos"},"content":{"rendered":"<h5><span style=\"color: #54859b\">Apsilankykite m\u016bs\u0173 virtualioje HALMAR MEBLE prek\u0117s \u017eenklo parduotuv\u0117je<\/span><\/h5>\n<p> <a href=\"https:\/\/my.matterport.com\/show\/?m=A37Zvh6YfmB\" target=\"_blank\" rel=\"noopener\"><span style=\"color: #e47025\">https:\/\/my.matterport.com\/<\/span><\/a><\/p>","protected":false},"excerpt":{"rendered":"<p>Prailginamas stalas, matmenys: 160-220\/90\/76 cm, med\u017eiaga: MDF + nat\u016bralus luk\u0161tas \/ milteliniu b\u016bdu da\u017eytas plienas, spalva: stalvir\u0161is \u2013 nat\u016bralus \u0105\u017euolas, kojos \u2013 juodos<\/p>","protected":false},"featured_media":60950,"comment_status":"open","ping_status":"open","template":"","meta":[],"product_brand":[],"product_cat":[2013,9136,1934],"product_tag":[],"class_list":{"0":"post-60949","1":"product","2":"type-product","3":"status-publish","4":"has-post-thumbnail","6":"product_cat-halmar","7":"product_cat-tables-halmar","8":"product_cat-tables","10":"first","11":"instock","12":"purchasable","13":"product-type-simple"},"_links":{"self":[{"href":"https:\/\/baldumarket.lt\/lt\/wp-json\/wp\/v2\/product\/60949","targetHints":{"allow":["GET"]}}],"collection":[{"href":"https:\/\/baldumarket.lt\/lt\/wp-json\/wp\/v2\/product"}],"about":[{"href":"https:\/\/baldumarket.lt\/lt\/wp-json\/wp\/v2\/types\/product"}],"replies":[{"embeddable":true,"href":"https:\/\/baldumarket.lt\/lt\/wp-json\/wp\/v2\/comments?post=60949"}],"wp:featuredmedia":[{"embeddable":true,"href":"https:\/\/baldumarket.lt\/lt\/wp-json\/wp\/v2\/media\/60950"}],"wp:attachment":[{"href":"https:\/\/baldumarket.lt\/lt\/wp-json\/wp\/v2\/media?parent=60949"}],"wp:term":[{"taxonomy":"product_brand","embeddable":true,"href":"https:\/\/baldumarket.lt\/lt\/wp-json\/wp\/v2\/product_brand?post=60949"},{"taxonomy":"product_cat","embeddable":true,"href":"https:\/\/baldumarket.lt\/lt\/wp-json\/wp\/v2\/product_cat?post=60949"},{"taxonomy":"product_tag","embeddable":true,"href":"https:\/\/baldumarket.lt\/lt\/wp-json\/wp\/v2\/product_tag?post=60949"}],"curies":[{"name":"wp","href":"https:\/\/api.w.org\/{rel}","templated":true}]}}