{"id":60766,"date":"2025-11-22T01:25:38","date_gmt":"2025-11-21T22:25:38","guid":{"rendered":"https:\/\/baldumarket.lt\/product\/angelina-coffee-table-natural-black\/"},"modified":"2026-02-04T00:36:43","modified_gmt":"2026-02-03T21:36:43","slug":"angelina-coffee-table-natural-black","status":"publish","type":"product","link":"https:\/\/baldumarket.lt\/lt\/product\/angelina-coffee-table-natural-black\/","title":{"rendered":"ANGELINA kavos staliukas, nat\u016bralus\/juodas"},"content":{"rendered":"<h5><span style=\"color: #54859b\">Apsilankykite m\u016bs\u0173 virtualioje HALMAR MEBLE prek\u0117s \u017eenklo parduotuv\u0117je<\/span><\/h5>\n<p> <a href=\"https:\/\/my.matterport.com\/show\/?m=A37Zvh6YfmB\" target=\"_blank\" rel=\"noopener\"><span style=\"color: #e47025\">https:\/\/my.matterport.com\/<\/span><\/a><\/p>","protected":false},"excerpt":{"rendered":"<p>Matmenys: 90\/50\/40 cm, med\u017eiaga: laminuota MDF \u2013 melaminas \/ milteliniu b\u016bdu da\u017eytas plienas, spalva: nat\u016brali \/ juoda<\/p>","protected":false},"featured_media":60767,"comment_status":"open","ping_status":"open","template":"","meta":[],"product_brand":[],"product_cat":[866,2013,9147],"product_tag":[],"class_list":{"0":"post-60766","1":"product","2":"type-product","3":"status-publish","4":"has-post-thumbnail","6":"product_cat-coffee-tables","7":"product_cat-halmar","8":"product_cat-coffee-tables-halmar","10":"first","11":"instock","12":"purchasable","13":"product-type-simple"},"_links":{"self":[{"href":"https:\/\/baldumarket.lt\/lt\/wp-json\/wp\/v2\/product\/60766","targetHints":{"allow":["GET"]}}],"collection":[{"href":"https:\/\/baldumarket.lt\/lt\/wp-json\/wp\/v2\/product"}],"about":[{"href":"https:\/\/baldumarket.lt\/lt\/wp-json\/wp\/v2\/types\/product"}],"replies":[{"embeddable":true,"href":"https:\/\/baldumarket.lt\/lt\/wp-json\/wp\/v2\/comments?post=60766"}],"wp:featuredmedia":[{"embeddable":true,"href":"https:\/\/baldumarket.lt\/lt\/wp-json\/wp\/v2\/media\/60767"}],"wp:attachment":[{"href":"https:\/\/baldumarket.lt\/lt\/wp-json\/wp\/v2\/media?parent=60766"}],"wp:term":[{"taxonomy":"product_brand","embeddable":true,"href":"https:\/\/baldumarket.lt\/lt\/wp-json\/wp\/v2\/product_brand?post=60766"},{"taxonomy":"product_cat","embeddable":true,"href":"https:\/\/baldumarket.lt\/lt\/wp-json\/wp\/v2\/product_cat?post=60766"},{"taxonomy":"product_tag","embeddable":true,"href":"https:\/\/baldumarket.lt\/lt\/wp-json\/wp\/v2\/product_tag?post=60766"}],"curies":[{"name":"wp","href":"https:\/\/api.w.org\/{rel}","templated":true}]}}