{"id":60590,"date":"2025-11-22T01:22:54","date_gmt":"2025-11-21T22:22:54","guid":{"rendered":"https:\/\/baldumarket.lt\/product\/pafos-vanity-table-hanging-and-mirror-white-white\/"},"modified":"2026-04-07T03:13:45","modified_gmt":"2026-04-07T00:13:45","slug":"pafos-vanity-table-hanging-and-mirror-white-white","status":"publish","type":"product","link":"https:\/\/baldumarket.lt\/lt\/product\/pafos-vanity-table-hanging-and-mirror-white-white\/","title":{"rendered":"PAFOS kosmetinis staliukas (pakabinamas) ir veidrodis, baltas\/baltas"},"content":{"rendered":"<h5><span style=\"color: #54859b\">Apsilankykite m\u016bs\u0173 virtualioje HALMAR MEBLE prek\u0117s \u017eenklo parduotuv\u0117je<\/span><\/h5>\n<p> <a href=\"https:\/\/my.matterport.com\/show\/?m=A37Zvh6YfmB\" target=\"_blank\" rel=\"noopener\"><span style=\"color: #e47025\">https:\/\/my.matterport.com\/<\/span><\/a><\/p>","protected":false},"excerpt":{"rendered":"<p>matmenys:<br \/>\nveidrodis: auk\u0161tis\/plotis\/gylis - 80\/53,6\/2<br \/>\nkosmetinis staliukas: auk\u0161tis\/plotis\/gylis - 17\/80\/41,6<\/p>\n<p>Korpusas: laminuota matin\u0117 med\u017eio dro\u017eli\u0173 plok\u0161t\u0117 16 mm<br \/>\nPriekin\u0117s dalys: Laminuota MDF plok\u0161t\u0117, apdengta 16 mm folija, su matomomis pjaustymo briaunomis<br \/>\nRankena: tr\u016bksta<\/p>","protected":false},"featured_media":60591,"comment_status":"open","ping_status":"open","template":"","meta":[],"product_brand":[],"product_cat":[1237,2013],"product_tag":[],"class_list":{"0":"post-60590","1":"product","2":"type-product","3":"status-publish","4":"has-post-thumbnail","6":"product_cat-dressing-tables","7":"product_cat-halmar","9":"first","10":"instock","11":"purchasable","12":"product-type-simple"},"_links":{"self":[{"href":"https:\/\/baldumarket.lt\/lt\/wp-json\/wp\/v2\/product\/60590","targetHints":{"allow":["GET"]}}],"collection":[{"href":"https:\/\/baldumarket.lt\/lt\/wp-json\/wp\/v2\/product"}],"about":[{"href":"https:\/\/baldumarket.lt\/lt\/wp-json\/wp\/v2\/types\/product"}],"replies":[{"embeddable":true,"href":"https:\/\/baldumarket.lt\/lt\/wp-json\/wp\/v2\/comments?post=60590"}],"wp:featuredmedia":[{"embeddable":true,"href":"https:\/\/baldumarket.lt\/lt\/wp-json\/wp\/v2\/media\/60591"}],"wp:attachment":[{"href":"https:\/\/baldumarket.lt\/lt\/wp-json\/wp\/v2\/media?parent=60590"}],"wp:term":[{"taxonomy":"product_brand","embeddable":true,"href":"https:\/\/baldumarket.lt\/lt\/wp-json\/wp\/v2\/product_brand?post=60590"},{"taxonomy":"product_cat","embeddable":true,"href":"https:\/\/baldumarket.lt\/lt\/wp-json\/wp\/v2\/product_cat?post=60590"},{"taxonomy":"product_tag","embeddable":true,"href":"https:\/\/baldumarket.lt\/lt\/wp-json\/wp\/v2\/product_tag?post=60590"}],"curies":[{"name":"wp","href":"https:\/\/api.w.org\/{rel}","templated":true}]}}