{"id":60560,"date":"2025-11-22T01:22:27","date_gmt":"2025-11-21T22:22:27","guid":{"rendered":"https:\/\/baldumarket.lt\/product\/rocca-garden-set-sofa-2-chairs-coffee-table-dark-grey-light-grey\/"},"modified":"2026-02-04T00:36:45","modified_gmt":"2026-02-03T21:36:45","slug":"rocca-garden-set-sofa-2-chairs-coffee-table-dark-grey-light-grey","status":"publish","type":"product","link":"https:\/\/baldumarket.lt\/lt\/product\/rocca-garden-set-sofa-2-chairs-coffee-table-dark-grey-light-grey\/","title":{"rendered":"ROCCA sodo bald\u0173 komplektas (sofa + 2 foteliai + kavos staliukas), tamsiai pilka \/ \u0161viesiai pilka"},"content":{"rendered":"<h5><span style=\"color: #54859b\">Apsilankykite m\u016bs\u0173 virtualioje HALMAR MEBLE prek\u0117s \u017eenklo parduotuv\u0117je<\/span><\/h5>\n<p> <a href=\"https:\/\/my.matterport.com\/show\/?m=A37Zvh6YfmB\" target=\"_blank\" rel=\"noopener\"><span style=\"color: #e47025\">https:\/\/my.matterport.com\/<\/span><\/a><\/p>","protected":false},"excerpt":{"rendered":"<p>sodo bald\u0173 komplektas (sofa + 2 foteliai + stalas), med\u017eiaga: milteliniu b\u016bdu da\u017eytas aliuminis \/ stiklas \/ virv\u0117 \/ audinys, spalva: tamsiai pilka \/ \u0161viesiai pilka<\/p>","protected":false},"featured_media":60561,"comment_status":"open","ping_status":"open","template":"","meta":[],"product_brand":[],"product_cat":[2013,560],"product_tag":[],"class_list":{"0":"post-60560","1":"product","2":"type-product","3":"status-publish","4":"has-post-thumbnail","6":"product_cat-halmar","7":"product_cat-sofas-and-couches","9":"first","10":"instock","11":"purchasable","12":"product-type-simple"},"_links":{"self":[{"href":"https:\/\/baldumarket.lt\/lt\/wp-json\/wp\/v2\/product\/60560","targetHints":{"allow":["GET"]}}],"collection":[{"href":"https:\/\/baldumarket.lt\/lt\/wp-json\/wp\/v2\/product"}],"about":[{"href":"https:\/\/baldumarket.lt\/lt\/wp-json\/wp\/v2\/types\/product"}],"replies":[{"embeddable":true,"href":"https:\/\/baldumarket.lt\/lt\/wp-json\/wp\/v2\/comments?post=60560"}],"wp:featuredmedia":[{"embeddable":true,"href":"https:\/\/baldumarket.lt\/lt\/wp-json\/wp\/v2\/media\/60561"}],"wp:attachment":[{"href":"https:\/\/baldumarket.lt\/lt\/wp-json\/wp\/v2\/media?parent=60560"}],"wp:term":[{"taxonomy":"product_brand","embeddable":true,"href":"https:\/\/baldumarket.lt\/lt\/wp-json\/wp\/v2\/product_brand?post=60560"},{"taxonomy":"product_cat","embeddable":true,"href":"https:\/\/baldumarket.lt\/lt\/wp-json\/wp\/v2\/product_cat?post=60560"},{"taxonomy":"product_tag","embeddable":true,"href":"https:\/\/baldumarket.lt\/lt\/wp-json\/wp\/v2\/product_tag?post=60560"}],"curies":[{"name":"wp","href":"https:\/\/api.w.org\/{rel}","templated":true}]}}