{"id":60191,"date":"2025-11-22T01:16:36","date_gmt":"2025-11-21T22:16:36","guid":{"rendered":"https:\/\/baldumarket.lt\/product\/cornelius-folding-sofa-with-ottoman-color-blue\/"},"modified":"2026-02-04T00:36:48","modified_gmt":"2026-02-03T21:36:48","slug":"cornelius-folding-sofa-with-ottoman-color-blue","status":"publish","type":"product","link":"https:\/\/baldumarket.lt\/lt\/product\/cornelius-folding-sofa-with-ottoman-color-blue\/","title":{"rendered":"CORNELIUS sulankstoma sofa su pufu, spalva: m\u0117lyna"},"content":{"rendered":"<h5><span style=\"color: #54859b\">Apsilankykite m\u016bs\u0173 virtualioje HALMAR MEBLE prek\u0117s \u017eenklo parduotuv\u0117je<\/span><\/h5>\n<p> <a href=\"https:\/\/my.matterport.com\/show\/?m=A37Zvh6YfmB\" target=\"_blank\" rel=\"noopener\"><span style=\"color: #e47025\">https:\/\/my.matterport.com\/<\/span><\/a><\/p>","protected":false},"excerpt":{"rendered":"<p>Matmenys: 200\/153-167\/80-40 cm, pufas \u2013 97\/71\/42 cm, sulankstoma sofa su pufu, med\u017eiaga: audinys \/ med\u017eio masyvas, spalva: m\u0117lyna<\/p>","protected":false},"featured_media":60192,"comment_status":"open","ping_status":"open","template":"","meta":[],"product_brand":[],"product_cat":[2013,560],"product_tag":[],"class_list":{"0":"post-60191","1":"product","2":"type-product","3":"status-publish","4":"has-post-thumbnail","6":"product_cat-halmar","7":"product_cat-sofas-and-couches","9":"first","10":"instock","11":"purchasable","12":"product-type-simple"},"_links":{"self":[{"href":"https:\/\/baldumarket.lt\/lt\/wp-json\/wp\/v2\/product\/60191","targetHints":{"allow":["GET"]}}],"collection":[{"href":"https:\/\/baldumarket.lt\/lt\/wp-json\/wp\/v2\/product"}],"about":[{"href":"https:\/\/baldumarket.lt\/lt\/wp-json\/wp\/v2\/types\/product"}],"replies":[{"embeddable":true,"href":"https:\/\/baldumarket.lt\/lt\/wp-json\/wp\/v2\/comments?post=60191"}],"wp:featuredmedia":[{"embeddable":true,"href":"https:\/\/baldumarket.lt\/lt\/wp-json\/wp\/v2\/media\/60192"}],"wp:attachment":[{"href":"https:\/\/baldumarket.lt\/lt\/wp-json\/wp\/v2\/media?parent=60191"}],"wp:term":[{"taxonomy":"product_brand","embeddable":true,"href":"https:\/\/baldumarket.lt\/lt\/wp-json\/wp\/v2\/product_brand?post=60191"},{"taxonomy":"product_cat","embeddable":true,"href":"https:\/\/baldumarket.lt\/lt\/wp-json\/wp\/v2\/product_cat?post=60191"},{"taxonomy":"product_tag","embeddable":true,"href":"https:\/\/baldumarket.lt\/lt\/wp-json\/wp\/v2\/product_tag?post=60191"}],"curies":[{"name":"wp","href":"https:\/\/api.w.org\/{rel}","templated":true}]}}