{"id":59536,"date":"2025-11-22T01:05:44","date_gmt":"2025-11-21T22:05:44","guid":{"rendered":"https:\/\/baldumarket.lt\/product\/vero-bathroom-wall-mirror-silver\/"},"modified":"2026-02-04T00:36:53","modified_gmt":"2026-02-03T21:36:53","slug":"vero-bathroom-wall-mirror-silver","status":"publish","type":"product","link":"https:\/\/baldumarket.lt\/lt\/product\/vero-bathroom-wall-mirror-silver\/","title":{"rendered":"VERO vonios sieninis veidrodis, sidabrinis"},"content":{"rendered":"<h5><span style=\"color: #54859b\">Apsilankykite m\u016bs\u0173 virtualioje HALMAR MEBLE prek\u0117s \u017eenklo parduotuv\u0117je<\/span><\/h5>\n<p> <a href=\"https:\/\/my.matterport.com\/show\/?m=A37Zvh6YfmB\" target=\"_blank\" rel=\"noopener\"><span style=\"color: #e47025\">https:\/\/my.matterport.com\/<\/span><\/a><\/p>","protected":false},"excerpt":{"rendered":"<p>Vonios kambario sieninis veidrodis, matmenys: 60\/80\/3,7 cm \/ LED ap\u0161vietimas \/ horizontalus ir vertikalus surinkimas \/ programos atminties funkcija \/ apsaugos nuo rasojimo funkcija \/ ry\u0161kumo reguliavimas \/ \u0161alta arba \u0161ilta \u0161viesa \/ jutiklinis jungiklis, med\u017eiaga: pagrindas \u2013 aliuminio plok\u0161t\u0117 ir r\u0117mas \/ mi<\/p>","protected":false},"featured_media":59537,"comment_status":"open","ping_status":"open","template":"","meta":[],"product_brand":[],"product_cat":[2013,9151,1108],"product_tag":[],"class_list":{"0":"post-59536","1":"product","2":"type-product","3":"status-publish","4":"has-post-thumbnail","6":"product_cat-halmar","7":"product_cat-mirrors-halmar","8":"product_cat-mirrors","10":"first","11":"instock","12":"purchasable","13":"product-type-simple"},"_links":{"self":[{"href":"https:\/\/baldumarket.lt\/lt\/wp-json\/wp\/v2\/product\/59536","targetHints":{"allow":["GET"]}}],"collection":[{"href":"https:\/\/baldumarket.lt\/lt\/wp-json\/wp\/v2\/product"}],"about":[{"href":"https:\/\/baldumarket.lt\/lt\/wp-json\/wp\/v2\/types\/product"}],"replies":[{"embeddable":true,"href":"https:\/\/baldumarket.lt\/lt\/wp-json\/wp\/v2\/comments?post=59536"}],"wp:featuredmedia":[{"embeddable":true,"href":"https:\/\/baldumarket.lt\/lt\/wp-json\/wp\/v2\/media\/59537"}],"wp:attachment":[{"href":"https:\/\/baldumarket.lt\/lt\/wp-json\/wp\/v2\/media?parent=59536"}],"wp:term":[{"taxonomy":"product_brand","embeddable":true,"href":"https:\/\/baldumarket.lt\/lt\/wp-json\/wp\/v2\/product_brand?post=59536"},{"taxonomy":"product_cat","embeddable":true,"href":"https:\/\/baldumarket.lt\/lt\/wp-json\/wp\/v2\/product_cat?post=59536"},{"taxonomy":"product_tag","embeddable":true,"href":"https:\/\/baldumarket.lt\/lt\/wp-json\/wp\/v2\/product_tag?post=59536"}],"curies":[{"name":"wp","href":"https:\/\/api.w.org\/{rel}","templated":true}]}}