{"id":59329,"date":"2025-11-22T01:02:12","date_gmt":"2025-11-21T22:02:12","guid":{"rendered":"https:\/\/baldumarket.lt\/product\/turyn-mattress\/"},"modified":"2026-02-04T00:36:56","modified_gmt":"2026-02-03T21:36:56","slug":"turyn-mattress","status":"publish","type":"product","link":"https:\/\/baldumarket.lt\/lt\/product\/turyn-mattress\/","title":{"rendered":"TURIN \u010diu\u017einys"},"content":{"rendered":"<h5><span style=\"color: #54859b\">Apsilankykite m\u016bs\u0173 virtualioje HALMAR MEBLE prek\u0117s \u017eenklo parduotuv\u0117je<\/span><\/h5>\n<p> <a href=\"https:\/\/my.matterport.com\/show\/?m=A37Zvh6YfmB\" target=\"_blank\" rel=\"noopener\"><span style=\"color: #e47025\">https:\/\/my.matterport.com\/<\/span><\/a><\/p>","protected":false},"excerpt":{"rendered":"<p>Put\u0173 \u010diu\u017einys su u\u017evalkalu, matmenys: 160x80x8 cm, spalva: balta<\/p>","protected":false},"featured_media":59330,"comment_status":"open","ping_status":"open","template":"","meta":[],"product_brand":[],"product_cat":[2013,1099],"product_tag":[],"class_list":{"0":"post-59329","1":"product","2":"type-product","3":"status-publish","4":"has-post-thumbnail","6":"product_cat-halmar","7":"product_cat-mattresses","9":"first","10":"instock","11":"purchasable","12":"product-type-simple"},"_links":{"self":[{"href":"https:\/\/baldumarket.lt\/lt\/wp-json\/wp\/v2\/product\/59329","targetHints":{"allow":["GET"]}}],"collection":[{"href":"https:\/\/baldumarket.lt\/lt\/wp-json\/wp\/v2\/product"}],"about":[{"href":"https:\/\/baldumarket.lt\/lt\/wp-json\/wp\/v2\/types\/product"}],"replies":[{"embeddable":true,"href":"https:\/\/baldumarket.lt\/lt\/wp-json\/wp\/v2\/comments?post=59329"}],"wp:featuredmedia":[{"embeddable":true,"href":"https:\/\/baldumarket.lt\/lt\/wp-json\/wp\/v2\/media\/59330"}],"wp:attachment":[{"href":"https:\/\/baldumarket.lt\/lt\/wp-json\/wp\/v2\/media?parent=59329"}],"wp:term":[{"taxonomy":"product_brand","embeddable":true,"href":"https:\/\/baldumarket.lt\/lt\/wp-json\/wp\/v2\/product_brand?post=59329"},{"taxonomy":"product_cat","embeddable":true,"href":"https:\/\/baldumarket.lt\/lt\/wp-json\/wp\/v2\/product_cat?post=59329"},{"taxonomy":"product_tag","embeddable":true,"href":"https:\/\/baldumarket.lt\/lt\/wp-json\/wp\/v2\/product_tag?post=59329"}],"curies":[{"name":"wp","href":"https:\/\/api.w.org\/{rel}","templated":true}]}}