{"id":59261,"date":"2025-11-22T01:00:50","date_gmt":"2025-11-21T22:00:50","guid":{"rendered":"https:\/\/baldumarket.lt\/product\/ksenia-240-kitchen-set-color-front-light-walnut-pistachio-body-antracite-worktop-grey\/"},"modified":"2026-02-04T00:36:57","modified_gmt":"2026-02-03T21:36:57","slug":"ksenia-240-kitchen-set-color-front-light-walnut-pistachio-body-antracite-worktop-grey","status":"publish","type":"product","link":"https:\/\/baldumarket.lt\/lt\/product\/ksenia-240-kitchen-set-color-front-light-walnut-pistachio-body-antracite-worktop-grey\/","title":{"rendered":"KSENIA 240 virtuv\u0117s komplektas, spalva: priekin\u0117 dalis \u2013 \u0161viesaus rie\u0161uto \/ pistacij\u0173, korpusas \u2013 antracito, stalvir\u0161is \u2013 pilkas"},"content":{"rendered":"<h5><span style=\"color: #54859b\">Apsilankykite m\u016bs\u0173 virtualioje HALMAR MEBLE prek\u0117s \u017eenklo parduotuv\u0117je<\/span><\/h5>\n<p> <a href=\"https:\/\/my.matterport.com\/show\/?m=A37Zvh6YfmB\" target=\"_blank\" rel=\"noopener\"><span style=\"color: #e47025\">https:\/\/my.matterport.com\/<\/span><\/a><\/p>","protected":false},"excerpt":{"rendered":"<p>Komplekto ilgis: 240 cm, vir\u0161utin\u0117s spintel\u0117s fasadas i\u0161 MDF, dujiniai keltuvai, stalvir\u0161io storis 28 mm, spalva: priekin\u0117 dalis \u2013 \u0161viesaus rie\u0161uto \/ pistacij\u0173, korpusas \u2013 antracito, stalvir\u0161is \u2013 pilkas<\/p>","protected":false},"featured_media":59262,"comment_status":"open","ping_status":"open","template":"","meta":[],"product_brand":[],"product_cat":[2013,9146,1932],"product_tag":[],"class_list":{"0":"post-59261","1":"product","2":"type-product","3":"status-publish","4":"has-post-thumbnail","6":"product_cat-halmar","7":"product_cat-kitchens-halmar","8":"product_cat-kitchen-sets","10":"first","11":"instock","12":"purchasable","13":"product-type-simple"},"_links":{"self":[{"href":"https:\/\/baldumarket.lt\/lt\/wp-json\/wp\/v2\/product\/59261","targetHints":{"allow":["GET"]}}],"collection":[{"href":"https:\/\/baldumarket.lt\/lt\/wp-json\/wp\/v2\/product"}],"about":[{"href":"https:\/\/baldumarket.lt\/lt\/wp-json\/wp\/v2\/types\/product"}],"replies":[{"embeddable":true,"href":"https:\/\/baldumarket.lt\/lt\/wp-json\/wp\/v2\/comments?post=59261"}],"wp:featuredmedia":[{"embeddable":true,"href":"https:\/\/baldumarket.lt\/lt\/wp-json\/wp\/v2\/media\/59262"}],"wp:attachment":[{"href":"https:\/\/baldumarket.lt\/lt\/wp-json\/wp\/v2\/media?parent=59261"}],"wp:term":[{"taxonomy":"product_brand","embeddable":true,"href":"https:\/\/baldumarket.lt\/lt\/wp-json\/wp\/v2\/product_brand?post=59261"},{"taxonomy":"product_cat","embeddable":true,"href":"https:\/\/baldumarket.lt\/lt\/wp-json\/wp\/v2\/product_cat?post=59261"},{"taxonomy":"product_tag","embeddable":true,"href":"https:\/\/baldumarket.lt\/lt\/wp-json\/wp\/v2\/product_tag?post=59261"}],"curies":[{"name":"wp","href":"https:\/\/api.w.org\/{rel}","templated":true}]}}