{"id":59143,"date":"2025-11-22T00:58:37","date_gmt":"2025-11-21T21:58:37","guid":{"rendered":"https:\/\/baldumarket.lt\/product\/w45-hanger\/"},"modified":"2026-02-04T00:37:00","modified_gmt":"2026-02-03T21:37:00","slug":"w45-hanger","status":"publish","type":"product","link":"https:\/\/baldumarket.lt\/lt\/product\/w45-hanger\/","title":{"rendered":"W45 pakaba"},"content":{"rendered":"<h5><span style=\"color: #54859b\">Apsilankykite m\u016bs\u0173 virtualioje HALMAR MEBLE prek\u0117s \u017eenklo parduotuv\u0117je<\/span><\/h5>\n<p> <a href=\"https:\/\/my.matterport.com\/show\/?m=A37Zvh6YfmB\" target=\"_blank\" rel=\"noopener\"><span style=\"color: #e47025\">https:\/\/my.matterport.com\/<\/span><\/a><\/p>","protected":false},"excerpt":{"rendered":"<p>Matmenys: plotis 38\/186 cm, med\u017eiaga: milteliniu b\u016bdu da\u017eytas plienas \/ med\u017eio masyvas \/ nat\u016bralus akmuo, spalva: juoda<\/p>","protected":false},"featured_media":59144,"comment_status":"open","ping_status":"open","template":"","meta":[],"product_brand":[],"product_cat":[2013,9145,1931],"product_tag":[],"class_list":{"0":"post-59143","1":"product","2":"type-product","3":"status-publish","4":"has-post-thumbnail","6":"product_cat-halmar","7":"product_cat-entrance-halls-halmar","8":"product_cat-hangers","10":"first","11":"instock","12":"purchasable","13":"product-type-simple"},"_links":{"self":[{"href":"https:\/\/baldumarket.lt\/lt\/wp-json\/wp\/v2\/product\/59143","targetHints":{"allow":["GET"]}}],"collection":[{"href":"https:\/\/baldumarket.lt\/lt\/wp-json\/wp\/v2\/product"}],"about":[{"href":"https:\/\/baldumarket.lt\/lt\/wp-json\/wp\/v2\/types\/product"}],"replies":[{"embeddable":true,"href":"https:\/\/baldumarket.lt\/lt\/wp-json\/wp\/v2\/comments?post=59143"}],"wp:featuredmedia":[{"embeddable":true,"href":"https:\/\/baldumarket.lt\/lt\/wp-json\/wp\/v2\/media\/59144"}],"wp:attachment":[{"href":"https:\/\/baldumarket.lt\/lt\/wp-json\/wp\/v2\/media?parent=59143"}],"wp:term":[{"taxonomy":"product_brand","embeddable":true,"href":"https:\/\/baldumarket.lt\/lt\/wp-json\/wp\/v2\/product_brand?post=59143"},{"taxonomy":"product_cat","embeddable":true,"href":"https:\/\/baldumarket.lt\/lt\/wp-json\/wp\/v2\/product_cat?post=59143"},{"taxonomy":"product_tag","embeddable":true,"href":"https:\/\/baldumarket.lt\/lt\/wp-json\/wp\/v2\/product_tag?post=59143"}],"curies":[{"name":"wp","href":"https:\/\/api.w.org\/{rel}","templated":true}]}}