{"id":59084,"date":"2025-11-22T00:57:34","date_gmt":"2025-11-21T21:57:34","guid":{"rendered":"https:\/\/baldumarket.lt\/product\/smart-b-1-desk-color-natural-oak-black\/"},"modified":"2026-02-04T00:37:03","modified_gmt":"2026-02-03T21:37:03","slug":"smart-b-1-desk-color-natural-oak-black","status":"publish","type":"product","link":"https:\/\/baldumarket.lt\/lt\/product\/smart-b-1-desk-color-natural-oak-black\/","title":{"rendered":"SMART B-1 stalo spalva: nat\u016bralus \u0105\u017euolas \u2013 juoda"},"content":{"rendered":"<h5><span style=\"color: #54859b\">Apsilankykite m\u016bs\u0173 virtualioje HALMAR MEBLE prek\u0117s \u017eenklo parduotuv\u0117je<\/span><\/h5>\n<p> <a href=\"https:\/\/my.matterport.com\/show\/?m=A37Zvh6YfmB\" target=\"_blank\" rel=\"noopener\"><span style=\"color: #e47025\">https:\/\/my.matterport.com\/<\/span><\/a><\/p>","protected":false},"excerpt":{"rendered":"<p>stalas, matmenys: 117\/59\/76 cm, med\u017eiaga: MDF + nat\u016bralaus \u0105\u017euolo faneruot\u0117 \/ med\u017eio dro\u017eli\u0173 plok\u0161t\u0117 + nat\u016bralaus \u0105\u017euolo faneruot\u0117 \/ milteliniu b\u016bdu da\u017eytas plienas, spalva: nat\u016bralus \u0105\u017euolas \/ juoda<\/p>","protected":false},"featured_media":59085,"comment_status":"open","ping_status":"open","template":"","meta":[],"product_brand":[],"product_cat":[1312,2013],"product_tag":[],"class_list":{"0":"post-59084","1":"product","2":"type-product","3":"status-publish","4":"has-post-thumbnail","6":"product_cat-desks","7":"product_cat-halmar","9":"first","10":"instock","11":"purchasable","12":"product-type-simple"},"_links":{"self":[{"href":"https:\/\/baldumarket.lt\/lt\/wp-json\/wp\/v2\/product\/59084","targetHints":{"allow":["GET"]}}],"collection":[{"href":"https:\/\/baldumarket.lt\/lt\/wp-json\/wp\/v2\/product"}],"about":[{"href":"https:\/\/baldumarket.lt\/lt\/wp-json\/wp\/v2\/types\/product"}],"replies":[{"embeddable":true,"href":"https:\/\/baldumarket.lt\/lt\/wp-json\/wp\/v2\/comments?post=59084"}],"wp:featuredmedia":[{"embeddable":true,"href":"https:\/\/baldumarket.lt\/lt\/wp-json\/wp\/v2\/media\/59085"}],"wp:attachment":[{"href":"https:\/\/baldumarket.lt\/lt\/wp-json\/wp\/v2\/media?parent=59084"}],"wp:term":[{"taxonomy":"product_brand","embeddable":true,"href":"https:\/\/baldumarket.lt\/lt\/wp-json\/wp\/v2\/product_brand?post=59084"},{"taxonomy":"product_cat","embeddable":true,"href":"https:\/\/baldumarket.lt\/lt\/wp-json\/wp\/v2\/product_cat?post=59084"},{"taxonomy":"product_tag","embeddable":true,"href":"https:\/\/baldumarket.lt\/lt\/wp-json\/wp\/v2\/product_tag?post=59084"}],"curies":[{"name":"wp","href":"https:\/\/api.w.org\/{rel}","templated":true}]}}