{"id":59062,"date":"2025-11-22T00:57:13","date_gmt":"2025-11-21T21:57:13","guid":{"rendered":"https:\/\/baldumarket.lt\/product\/sergio-xl-desk-anthracite-matt-wotan-oak\/"},"modified":"2026-02-04T00:37:03","modified_gmt":"2026-02-03T21:37:03","slug":"sergio-xl-desk-anthracite-matt-wotan-oak","status":"publish","type":"product","link":"https:\/\/baldumarket.lt\/lt\/product\/sergio-xl-desk-anthracite-matt-wotan-oak\/","title":{"rendered":"SERGIO XL, ra\u0161omasis stalas, matin\u0117 antracito spalva \u2013 \u0105\u017euolo spalva"},"content":{"rendered":"<h5><span style=\"color: #54859b\">Apsilankykite m\u016bs\u0173 virtualioje HALMAR MEBLE prek\u0117s \u017eenklo parduotuv\u0117je<\/span><\/h5>\n<p> <a href=\"https:\/\/my.matterport.com\/show\/?m=A37Zvh6YfmB\" target=\"_blank\" rel=\"noopener\"><span style=\"color: #e47025\">https:\/\/my.matterport.com\/<\/span><\/a><\/p>","protected":false},"excerpt":{"rendered":"<p>Matmenys: 134\u2013210\/60\u201390\/78 cm, tiesus arba kampinis stalas, med\u017eiaga: laminuota med\u017eio dro\u017eli\u0173 plok\u0161t\u0117 \/ laminuotas MDF \/ med\u017eio masyvas, spalva: matin\u0117 antracito \u2013 \u0105\u017euolo spalvos<\/p>","protected":false},"featured_media":59063,"comment_status":"open","ping_status":"open","template":"","meta":[],"product_brand":[],"product_cat":[1312,2013],"product_tag":[],"class_list":{"0":"post-59062","1":"product","2":"type-product","3":"status-publish","4":"has-post-thumbnail","6":"product_cat-desks","7":"product_cat-halmar","9":"first","10":"instock","11":"purchasable","12":"product-type-simple"},"_links":{"self":[{"href":"https:\/\/baldumarket.lt\/lt\/wp-json\/wp\/v2\/product\/59062","targetHints":{"allow":["GET"]}}],"collection":[{"href":"https:\/\/baldumarket.lt\/lt\/wp-json\/wp\/v2\/product"}],"about":[{"href":"https:\/\/baldumarket.lt\/lt\/wp-json\/wp\/v2\/types\/product"}],"replies":[{"embeddable":true,"href":"https:\/\/baldumarket.lt\/lt\/wp-json\/wp\/v2\/comments?post=59062"}],"wp:featuredmedia":[{"embeddable":true,"href":"https:\/\/baldumarket.lt\/lt\/wp-json\/wp\/v2\/media\/59063"}],"wp:attachment":[{"href":"https:\/\/baldumarket.lt\/lt\/wp-json\/wp\/v2\/media?parent=59062"}],"wp:term":[{"taxonomy":"product_brand","embeddable":true,"href":"https:\/\/baldumarket.lt\/lt\/wp-json\/wp\/v2\/product_brand?post=59062"},{"taxonomy":"product_cat","embeddable":true,"href":"https:\/\/baldumarket.lt\/lt\/wp-json\/wp\/v2\/product_cat?post=59062"},{"taxonomy":"product_tag","embeddable":true,"href":"https:\/\/baldumarket.lt\/lt\/wp-json\/wp\/v2\/product_tag?post=59062"}],"curies":[{"name":"wp","href":"https:\/\/api.w.org\/{rel}","templated":true}]}}