{"id":58963,"date":"2025-11-22T00:55:21","date_gmt":"2025-11-21T21:55:21","guid":{"rendered":"https:\/\/baldumarket.lt\/product\/collorido-desk-color-white-green-pink\/"},"modified":"2026-02-04T00:37:05","modified_gmt":"2026-02-03T21:37:05","slug":"collorido-desk-color-white-green-pink","status":"publish","type":"product","link":"https:\/\/baldumarket.lt\/lt\/product\/collorido-desk-color-white-green-pink\/","title":{"rendered":"COLLORIDO stalo spalva: balta\/\u017ealia\/ro\u017ein\u0117"},"content":{"rendered":"<h5><span style=\"color: #54859b\">Apsilankykite m\u016bs\u0173 virtualioje HALMAR MEBLE prek\u0117s \u017eenklo parduotuv\u0117je<\/span><\/h5>\n<p> <a href=\"https:\/\/my.matterport.com\/show\/?m=A37Zvh6YfmB\" target=\"_blank\" rel=\"noopener\"><span style=\"color: #e47025\">https:\/\/my.matterport.com\/<\/span><\/a><\/p>","protected":false},"excerpt":{"rendered":"<p>Stalas su reguliuojamo auk\u0161\u010dio ir kampu stalvir\u0161iu, matmenys: 100\/66\/69\u00f784 cm, med\u017eiaga: lakuota MDF \/ da\u017eytas plienas, spalva: balta \/ \u017ealia \/ ro\u017ein\u0117 (\u012fskaitant 2 dekoracij\u0173 rinkinius)<\/p>","protected":false},"featured_media":58964,"comment_status":"open","ping_status":"open","template":"","meta":[],"product_brand":[],"product_cat":[1312,2013],"product_tag":[],"class_list":{"0":"post-58963","1":"product","2":"type-product","3":"status-publish","4":"has-post-thumbnail","6":"product_cat-desks","7":"product_cat-halmar","9":"first","10":"instock","11":"purchasable","12":"product-type-simple"},"_links":{"self":[{"href":"https:\/\/baldumarket.lt\/lt\/wp-json\/wp\/v2\/product\/58963","targetHints":{"allow":["GET"]}}],"collection":[{"href":"https:\/\/baldumarket.lt\/lt\/wp-json\/wp\/v2\/product"}],"about":[{"href":"https:\/\/baldumarket.lt\/lt\/wp-json\/wp\/v2\/types\/product"}],"replies":[{"embeddable":true,"href":"https:\/\/baldumarket.lt\/lt\/wp-json\/wp\/v2\/comments?post=58963"}],"wp:featuredmedia":[{"embeddable":true,"href":"https:\/\/baldumarket.lt\/lt\/wp-json\/wp\/v2\/media\/58964"}],"wp:attachment":[{"href":"https:\/\/baldumarket.lt\/lt\/wp-json\/wp\/v2\/media?parent=58963"}],"wp:term":[{"taxonomy":"product_brand","embeddable":true,"href":"https:\/\/baldumarket.lt\/lt\/wp-json\/wp\/v2\/product_brand?post=58963"},{"taxonomy":"product_cat","embeddable":true,"href":"https:\/\/baldumarket.lt\/lt\/wp-json\/wp\/v2\/product_cat?post=58963"},{"taxonomy":"product_tag","embeddable":true,"href":"https:\/\/baldumarket.lt\/lt\/wp-json\/wp\/v2\/product_tag?post=58963"}],"curies":[{"name":"wp","href":"https:\/\/api.w.org\/{rel}","templated":true}]}}