{"id":58818,"date":"2025-11-22T00:52:47","date_gmt":"2025-11-21T21:52:47","guid":{"rendered":"https:\/\/baldumarket.lt\/product\/b49-desk-black-red\/"},"modified":"2026-02-04T00:37:06","modified_gmt":"2026-02-03T21:37:06","slug":"b49-desk-black-red","status":"publish","type":"product","link":"https:\/\/baldumarket.lt\/lt\/product\/b49-desk-black-red\/","title":{"rendered":"B49 stalas juodas \/ raudonas"},"content":{"rendered":"<h5><span style=\"color: #54859b\">Apsilankykite m\u016bs\u0173 virtualioje HALMAR MEBLE prek\u0117s \u017eenklo parduotuv\u0117je<\/span><\/h5>\n<p> <a href=\"https:\/\/my.matterport.com\/show\/?m=A37Zvh6YfmB\" target=\"_blank\" rel=\"noopener\"><span style=\"color: #e47025\">https:\/\/my.matterport.com\/<\/span><\/a><\/p>","protected":false},"excerpt":{"rendered":"<p>Matmenys: 122\/60\/74 cm, LED \u0161viesa, kepurait\u0117s laikiklis, aksesuar\u0173 laikiklis, med\u017eiaga: laminuotas MDF \/ milteliniu b\u016bdu da\u017eytas plienas, spalva: juoda \/ raudona<\/p>","protected":false},"featured_media":58819,"comment_status":"open","ping_status":"open","template":"","meta":[],"product_brand":[],"product_cat":[1312,2013],"product_tag":[],"class_list":{"0":"post-58818","1":"product","2":"type-product","3":"status-publish","4":"has-post-thumbnail","6":"product_cat-desks","7":"product_cat-halmar","9":"first","10":"instock","11":"purchasable","12":"product-type-simple"},"_links":{"self":[{"href":"https:\/\/baldumarket.lt\/lt\/wp-json\/wp\/v2\/product\/58818","targetHints":{"allow":["GET"]}}],"collection":[{"href":"https:\/\/baldumarket.lt\/lt\/wp-json\/wp\/v2\/product"}],"about":[{"href":"https:\/\/baldumarket.lt\/lt\/wp-json\/wp\/v2\/types\/product"}],"replies":[{"embeddable":true,"href":"https:\/\/baldumarket.lt\/lt\/wp-json\/wp\/v2\/comments?post=58818"}],"wp:featuredmedia":[{"embeddable":true,"href":"https:\/\/baldumarket.lt\/lt\/wp-json\/wp\/v2\/media\/58819"}],"wp:attachment":[{"href":"https:\/\/baldumarket.lt\/lt\/wp-json\/wp\/v2\/media?parent=58818"}],"wp:term":[{"taxonomy":"product_brand","embeddable":true,"href":"https:\/\/baldumarket.lt\/lt\/wp-json\/wp\/v2\/product_brand?post=58818"},{"taxonomy":"product_cat","embeddable":true,"href":"https:\/\/baldumarket.lt\/lt\/wp-json\/wp\/v2\/product_cat?post=58818"},{"taxonomy":"product_tag","embeddable":true,"href":"https:\/\/baldumarket.lt\/lt\/wp-json\/wp\/v2\/product_tag?post=58818"}],"curies":[{"name":"wp","href":"https:\/\/api.w.org\/{rel}","templated":true}]}}