{"id":58720,"date":"2025-11-22T00:51:02","date_gmt":"2025-11-21T21:51:02","guid":{"rendered":"https:\/\/baldumarket.lt\/product\/b-54-desk-with-adjustable-height-top-white-frame-black\/"},"modified":"2026-02-04T00:37:07","modified_gmt":"2026-02-03T21:37:07","slug":"b-54-desk-with-adjustable-height-top-white-frame-black","status":"publish","type":"product","link":"https:\/\/baldumarket.lt\/lt\/produktas\/b-54-desk-with-adjustable-height-top-white-frame-black\/","title":{"rendered":"B\/54 reguliuojamo auk\u0161\u010dio stalas, stalvir\u0161is \u2013 baltas, r\u0117mas \u2013 juodas"},"content":{"rendered":"<h5><span style=\"color: #54859b\">Apsilankykite m\u016bs\u0173 virtualioje HALMAR MEBLE prek\u0117s \u017eenklo parduotuv\u0117je<\/span><\/h5>\n<p> <a href=\"https:\/\/my.matterport.com\/show\/?m=A37Zvh6YfmB\" target=\"_blank\" rel=\"noopener\"><span style=\"color: #e47025\">https:\/\/my.matterport.com\/<\/span><\/a><\/p>","protected":false},"excerpt":{"rendered":"<p>Matmenys: 120\/60\/75-120 cm, reguliuojamo auk\u0161\u010dio stalas, med\u017eiaga: laminuota med\u017eio dro\u017eli\u0173 plok\u0161t\u0117, milteliniu b\u016bdu da\u017eytas plienas, spalvos: stalvir\u0161is \u2013 baltas, r\u0117mas \u2013 juodas<\/p>","protected":false},"featured_media":58721,"comment_status":"open","ping_status":"open","template":"","meta":[],"product_brand":[],"product_cat":[1312,2013],"product_tag":[],"class_list":{"0":"post-58720","1":"product","2":"type-product","3":"status-publish","4":"has-post-thumbnail","6":"product_cat-desks","7":"product_cat-halmar","9":"first","10":"instock","11":"purchasable","12":"product-type-simple"},"_links":{"self":[{"href":"https:\/\/baldumarket.lt\/lt\/wp-json\/wp\/v2\/product\/58720","targetHints":{"allow":["GET"]}}],"collection":[{"href":"https:\/\/baldumarket.lt\/lt\/wp-json\/wp\/v2\/product"}],"about":[{"href":"https:\/\/baldumarket.lt\/lt\/wp-json\/wp\/v2\/types\/product"}],"replies":[{"embeddable":true,"href":"https:\/\/baldumarket.lt\/lt\/wp-json\/wp\/v2\/comments?post=58720"}],"wp:featuredmedia":[{"embeddable":true,"href":"https:\/\/baldumarket.lt\/lt\/wp-json\/wp\/v2\/media\/58721"}],"wp:attachment":[{"href":"https:\/\/baldumarket.lt\/lt\/wp-json\/wp\/v2\/media?parent=58720"}],"wp:term":[{"taxonomy":"product_brand","embeddable":true,"href":"https:\/\/baldumarket.lt\/lt\/wp-json\/wp\/v2\/product_brand?post=58720"},{"taxonomy":"product_cat","embeddable":true,"href":"https:\/\/baldumarket.lt\/lt\/wp-json\/wp\/v2\/product_cat?post=58720"},{"taxonomy":"product_tag","embeddable":true,"href":"https:\/\/baldumarket.lt\/lt\/wp-json\/wp\/v2\/product_tag?post=58720"}],"curies":[{"name":"wp","href":"https:\/\/api.w.org\/{rel}","templated":true}]}}