{"id":58526,"date":"2025-11-22T00:47:43","date_gmt":"2025-11-21T21:47:43","guid":{"rendered":"https:\/\/baldumarket.lt\/product\/jungle-chest-of-drawers-190-wotan-oak-mat-black-mat\/"},"modified":"2026-02-04T00:37:11","modified_gmt":"2026-02-03T21:37:11","slug":"jungle-chest-of-drawers-190-wotan-oak-mat-black-mat","status":"publish","type":"product","link":"https:\/\/baldumarket.lt\/lt\/product\/jungle-chest-of-drawers-190-wotan-oak-mat-black-mat\/","title":{"rendered":"JUNGLE komoda 190 wotan \u0105\u017euolo spalvos matin\u0117\/juodos spalvos matin\u0117"},"content":{"rendered":"<h5><span style=\"color: #54859b\">Apsilankykite m\u016bs\u0173 virtualioje HALMAR MEBLE prek\u0117s \u017eenklo parduotuv\u0117je<\/span><\/h5>\n<p> <a href=\"https:\/\/my.matterport.com\/show\/?m=A37Zvh6YfmB\" target=\"_blank\" rel=\"noopener\"><span style=\"color: #e47025\">https:\/\/my.matterport.com\/<\/span><\/a><\/p>","protected":false},"excerpt":{"rendered":"<p>matmenys: auk\u0161tis\/plotis\/gylis 74,5 cm \/ 190 cm \/ 40 cm,<br \/>\nmed\u017eiaga:<br \/>\nKorpusas: matin\u0117 laminuota med\u017eio dro\u017eli\u0173 plok\u0161t\u0117 16 mm<br \/>\nPriekin\u0117 dalis: Laminuota MDF plok\u0161t\u0117, apdengta 18 mm folija, su matomomis pjaustymo briaunomis<br \/>\nKra\u0161tai: juodi \u2013 PCV<br \/>\nKojel\u0117s: juodas metalas<br \/>\nRankena: n\u0117ra sistemos STUMTI \u2013 SPRAUKTI<\/p>\n<p>pakuot\u0117s matmenys:<br \/>\n1 d\u0117\u017e\u0117: 195x43x9, svoris 39 kg<br \/>\n2 d\u0117\u017e\u0117: 60x52x10, svoris 18 kg<\/p>","protected":false},"featured_media":58527,"comment_status":"open","ping_status":"open","template":"","meta":[],"product_brand":[],"product_cat":[1173,2013,9138],"product_tag":[],"class_list":{"0":"post-58526","1":"product","2":"type-product","3":"status-publish","4":"has-post-thumbnail","6":"product_cat-chests-of-drawers","7":"product_cat-halmar","8":"product_cat-furniture-systems-halmar","10":"first","11":"instock","12":"purchasable","13":"product-type-simple"},"_links":{"self":[{"href":"https:\/\/baldumarket.lt\/lt\/wp-json\/wp\/v2\/product\/58526","targetHints":{"allow":["GET"]}}],"collection":[{"href":"https:\/\/baldumarket.lt\/lt\/wp-json\/wp\/v2\/product"}],"about":[{"href":"https:\/\/baldumarket.lt\/lt\/wp-json\/wp\/v2\/types\/product"}],"replies":[{"embeddable":true,"href":"https:\/\/baldumarket.lt\/lt\/wp-json\/wp\/v2\/comments?post=58526"}],"wp:featuredmedia":[{"embeddable":true,"href":"https:\/\/baldumarket.lt\/lt\/wp-json\/wp\/v2\/media\/58527"}],"wp:attachment":[{"href":"https:\/\/baldumarket.lt\/lt\/wp-json\/wp\/v2\/media?parent=58526"}],"wp:term":[{"taxonomy":"product_brand","embeddable":true,"href":"https:\/\/baldumarket.lt\/lt\/wp-json\/wp\/v2\/product_brand?post=58526"},{"taxonomy":"product_cat","embeddable":true,"href":"https:\/\/baldumarket.lt\/lt\/wp-json\/wp\/v2\/product_cat?post=58526"},{"taxonomy":"product_tag","embeddable":true,"href":"https:\/\/baldumarket.lt\/lt\/wp-json\/wp\/v2\/product_tag?post=58526"}],"curies":[{"name":"wp","href":"https:\/\/api.w.org\/{rel}","templated":true}]}}