{"id":58460,"date":"2025-11-22T00:46:35","date_gmt":"2025-11-21T21:46:35","guid":{"rendered":"https:\/\/baldumarket.lt\/product\/granero-chest-of-drawers-mat-black-gloss-black\/"},"modified":"2026-02-04T00:37:13","modified_gmt":"2026-02-03T21:37:13","slug":"granero-chest-of-drawers-mat-black-gloss-black","status":"publish","type":"product","link":"https:\/\/baldumarket.lt\/lt\/product\/granero-chest-of-drawers-mat-black-gloss-black\/","title":{"rendered":"GRANERO komoda matin\u0117 juoda\/blizgi juoda"},"content":{"rendered":"<h5><span style=\"color: #54859b\">Apsilankykite m\u016bs\u0173 virtualioje HALMAR MEBLE prek\u0117s \u017eenklo parduotuv\u0117je<\/span><\/h5>\n<p> <a href=\"https:\/\/my.matterport.com\/show\/?m=A37Zvh6YfmB\" target=\"_blank\" rel=\"noopener\"><span style=\"color: #e47025\">https:\/\/my.matterport.com\/<\/span><\/a><\/p>","protected":false},"excerpt":{"rendered":"<p>galimyb\u0117 pakeisti priekin\u0119 viet\u0105,<br \/>\nMatmenys: auk\u0161tis\/plotis\/gylis - 80 cm \/ 160 cm \/ 35 cm<br \/>\nKorpusas: laminuota matin\u0117 med\u017eio dro\u017eli\u0173 plok\u0161t\u0117 16 mm<br \/>\nPriekin\u0117s dalys: 16 mm MDF plok\u0161t\u0117, frezuota PVC folija<br \/>\nBriauna: PCV 0,6 mm<br \/>\nRankena: Syetem LOFT LAGUNA<\/p>","protected":false},"featured_media":58461,"comment_status":"open","ping_status":"open","template":"","meta":[],"product_brand":[],"product_cat":[1173,2013,9138],"product_tag":[],"class_list":{"0":"post-58460","1":"product","2":"type-product","3":"status-publish","4":"has-post-thumbnail","6":"product_cat-chests-of-drawers","7":"product_cat-halmar","8":"product_cat-furniture-systems-halmar","10":"first","11":"instock","12":"purchasable","13":"product-type-simple"},"_links":{"self":[{"href":"https:\/\/baldumarket.lt\/lt\/wp-json\/wp\/v2\/product\/58460","targetHints":{"allow":["GET"]}}],"collection":[{"href":"https:\/\/baldumarket.lt\/lt\/wp-json\/wp\/v2\/product"}],"about":[{"href":"https:\/\/baldumarket.lt\/lt\/wp-json\/wp\/v2\/types\/product"}],"replies":[{"embeddable":true,"href":"https:\/\/baldumarket.lt\/lt\/wp-json\/wp\/v2\/comments?post=58460"}],"wp:featuredmedia":[{"embeddable":true,"href":"https:\/\/baldumarket.lt\/lt\/wp-json\/wp\/v2\/media\/58461"}],"wp:attachment":[{"href":"https:\/\/baldumarket.lt\/lt\/wp-json\/wp\/v2\/media?parent=58460"}],"wp:term":[{"taxonomy":"product_brand","embeddable":true,"href":"https:\/\/baldumarket.lt\/lt\/wp-json\/wp\/v2\/product_brand?post=58460"},{"taxonomy":"product_cat","embeddable":true,"href":"https:\/\/baldumarket.lt\/lt\/wp-json\/wp\/v2\/product_cat?post=58460"},{"taxonomy":"product_tag","embeddable":true,"href":"https:\/\/baldumarket.lt\/lt\/wp-json\/wp\/v2\/product_tag?post=58460"}],"curies":[{"name":"wp","href":"https:\/\/api.w.org\/{rel}","templated":true}]}}