{"id":58454,"date":"2025-11-22T00:46:29","date_gmt":"2025-11-21T21:46:29","guid":{"rendered":"https:\/\/baldumarket.lt\/product\/glamour-chest-of-drawers-180-black-black-gold\/"},"modified":"2026-02-04T00:37:13","modified_gmt":"2026-02-03T21:37:13","slug":"glamour-chest-of-drawers-180-black-black-gold","status":"publish","type":"product","link":"https:\/\/baldumarket.lt\/lt\/product\/glamour-chest-of-drawers-180-black-black-gold\/","title":{"rendered":"GLAMOUR komoda 180 juoda\/juoda + auksin\u0117"},"content":{"rendered":"<h5><span style=\"color: #54859b\">Apsilankykite m\u016bs\u0173 virtualioje HALMAR MEBLE prek\u0117s \u017eenklo parduotuv\u0117je<\/span><\/h5>\n<p> <a href=\"https:\/\/my.matterport.com\/show\/?m=A37Zvh6YfmB\" target=\"_blank\" rel=\"noopener\"><span style=\"color: #e47025\">https:\/\/my.matterport.com\/<\/span><\/a><\/p>","protected":false},"excerpt":{"rendered":"<p>Matmenys: auk\u0161tis\/plotis\/gylis - 75,5\/180\/40<br \/>\nVir\u0161us: laminuota matin\u0117 med\u017eio dro\u017eli\u0173 plok\u0161t\u0117 16 mm, \u0161lifuotas kra\u0161tas \u2013 auksin\u0117<br \/>\nPriekin\u0117 ir \u0161onin\u0117 dalis: 16 mm matin\u0117 MDF plok\u0161t\u0117 su matomomis pjaustymo briaunomis<br \/>\nRankena: metalin\u0117, auksin\u0117<br \/>\nKojel\u0117s: metalin\u0117s, auksin\u0117s<\/p>","protected":false},"featured_media":58455,"comment_status":"open","ping_status":"open","template":"","meta":[],"product_brand":[],"product_cat":[1173,2013,9138],"product_tag":[],"class_list":{"0":"post-58454","1":"product","2":"type-product","3":"status-publish","4":"has-post-thumbnail","6":"product_cat-chests-of-drawers","7":"product_cat-halmar","8":"product_cat-furniture-systems-halmar","10":"first","11":"instock","12":"purchasable","13":"product-type-simple"},"_links":{"self":[{"href":"https:\/\/baldumarket.lt\/lt\/wp-json\/wp\/v2\/product\/58454","targetHints":{"allow":["GET"]}}],"collection":[{"href":"https:\/\/baldumarket.lt\/lt\/wp-json\/wp\/v2\/product"}],"about":[{"href":"https:\/\/baldumarket.lt\/lt\/wp-json\/wp\/v2\/types\/product"}],"replies":[{"embeddable":true,"href":"https:\/\/baldumarket.lt\/lt\/wp-json\/wp\/v2\/comments?post=58454"}],"wp:featuredmedia":[{"embeddable":true,"href":"https:\/\/baldumarket.lt\/lt\/wp-json\/wp\/v2\/media\/58455"}],"wp:attachment":[{"href":"https:\/\/baldumarket.lt\/lt\/wp-json\/wp\/v2\/media?parent=58454"}],"wp:term":[{"taxonomy":"product_brand","embeddable":true,"href":"https:\/\/baldumarket.lt\/lt\/wp-json\/wp\/v2\/product_brand?post=58454"},{"taxonomy":"product_cat","embeddable":true,"href":"https:\/\/baldumarket.lt\/lt\/wp-json\/wp\/v2\/product_cat?post=58454"},{"taxonomy":"product_tag","embeddable":true,"href":"https:\/\/baldumarket.lt\/lt\/wp-json\/wp\/v2\/product_tag?post=58454"}],"curies":[{"name":"wp","href":"https:\/\/api.w.org\/{rel}","templated":true}]}}