{"id":58421,"date":"2025-11-22T00:45:56","date_gmt":"2025-11-21T21:45:56","guid":{"rendered":"https:\/\/baldumarket.lt\/product\/etna-chest-of-drawers-black-mat-black-mat\/"},"modified":"2026-02-04T00:37:13","modified_gmt":"2026-02-03T21:37:13","slug":"etna-chest-of-drawers-black-mat-black-mat","status":"publish","type":"product","link":"https:\/\/baldumarket.lt\/lt\/product\/etna-chest-of-drawers-black-mat-black-mat\/","title":{"rendered":"ETNA komoda, juoda, matin\u0117\/juoda, matin\u0117"},"content":{"rendered":"<h5><span style=\"color: #54859b\">Apsilankykite m\u016bs\u0173 virtualioje HALMAR MEBLE prek\u0117s \u017eenklo parduotuv\u0117je<\/span><\/h5>\n<p> <a href=\"https:\/\/my.matterport.com\/show\/?m=A37Zvh6YfmB\" target=\"_blank\" rel=\"noopener\"><span style=\"color: #e47025\">https:\/\/my.matterport.com\/<\/span><\/a><\/p>","protected":false},"excerpt":{"rendered":"<p>Matmenys: auk\u0161tis\/plotis\/gylis - 82\/200\/42<br \/>\nvir\u0161us: laminuota matin\u0117 med\u017eio dro\u017eli\u0173 plok\u0161t\u0117 16 mm<br \/>\n\u0160onai: Laminuota MDF plok\u0161t\u0117, apdengta 16 mm folija,<br \/>\nGalimyb\u0117 surinkti televizoriaus stovo dureles bet kokiu b\u016bdu<br \/>\nKojel\u0117s: plastikin\u0117 med\u017eiaga<br \/>\nRankena: tr\u016bksta. priekin\u0117s dalys t\u0119siasi u\u017e vir\u0161aus.<\/p>\n<p>pakuot\u0117s matmenys:<br \/>\n1 d\u0117\u017e\u0117: 210x46x7, svoris 31,10 kg<br \/>\n2 d\u0117\u017e\u0117: 78,5 \u00d7 55,5 \u00d7 10, svoris 17 kg<br \/>\n3 d\u0117\u017e\u0117: 76x55x7, svoris 18,80 kg<\/p>","protected":false},"featured_media":58422,"comment_status":"open","ping_status":"open","template":"","meta":[],"product_brand":[],"product_cat":[1173,2013,9138],"product_tag":[],"class_list":{"0":"post-58421","1":"product","2":"type-product","3":"status-publish","4":"has-post-thumbnail","6":"product_cat-chests-of-drawers","7":"product_cat-halmar","8":"product_cat-furniture-systems-halmar","10":"first","11":"instock","12":"purchasable","13":"product-type-simple"},"_links":{"self":[{"href":"https:\/\/baldumarket.lt\/lt\/wp-json\/wp\/v2\/product\/58421","targetHints":{"allow":["GET"]}}],"collection":[{"href":"https:\/\/baldumarket.lt\/lt\/wp-json\/wp\/v2\/product"}],"about":[{"href":"https:\/\/baldumarket.lt\/lt\/wp-json\/wp\/v2\/types\/product"}],"replies":[{"embeddable":true,"href":"https:\/\/baldumarket.lt\/lt\/wp-json\/wp\/v2\/comments?post=58421"}],"wp:featuredmedia":[{"embeddable":true,"href":"https:\/\/baldumarket.lt\/lt\/wp-json\/wp\/v2\/media\/58422"}],"wp:attachment":[{"href":"https:\/\/baldumarket.lt\/lt\/wp-json\/wp\/v2\/media?parent=58421"}],"wp:term":[{"taxonomy":"product_brand","embeddable":true,"href":"https:\/\/baldumarket.lt\/lt\/wp-json\/wp\/v2\/product_brand?post=58421"},{"taxonomy":"product_cat","embeddable":true,"href":"https:\/\/baldumarket.lt\/lt\/wp-json\/wp\/v2\/product_cat?post=58421"},{"taxonomy":"product_tag","embeddable":true,"href":"https:\/\/baldumarket.lt\/lt\/wp-json\/wp\/v2\/product_tag?post=58421"}],"curies":[{"name":"wp","href":"https:\/\/api.w.org\/{rel}","templated":true}]}}