{"id":58413,"date":"2025-11-22T00:45:48","date_gmt":"2025-11-21T21:45:48","guid":{"rendered":"https:\/\/baldumarket.lt\/product\/chest-of-drawers-lotta-150-3d-dimond-white-lsonoma-oak\/"},"modified":"2026-02-04T00:37:13","modified_gmt":"2026-02-03T21:37:13","slug":"chest-of-drawers-lotta-150-3d-dimond-white-lsonoma-oak","status":"publish","type":"product","link":"https:\/\/baldumarket.lt\/lt\/product\/chest-of-drawers-lotta-150-3d-dimond-white-lsonoma-oak\/","title":{"rendered":"Komoda LOTTA 150 3D deimanto balta\/Isonoma \u0105\u017euolas"},"content":{"rendered":"<h5><span style=\"color: #54859b\">Apsilankykite m\u016bs\u0173 virtualioje HALMAR MEBLE prek\u0117s \u017eenklo parduotuv\u0117je<\/span><\/h5>\n<p> <a href=\"https:\/\/my.matterport.com\/show\/?m=A37Zvh6YfmB\" target=\"_blank\" rel=\"noopener\"><span style=\"color: #e47025\">https:\/\/my.matterport.com\/<\/span><\/a><\/p>","protected":false},"excerpt":{"rendered":"<p>Matmenys: auk\u0161tis\/plotis\/gylis 69 cm\/150 cm\/45 cm, koj\u0173 auk\u0161tis - 15 cm<br \/>\nmed\u017eiaga:<br \/>\nKorpusas: matin\u0117 med\u017eio dro\u017eli\u0173 plok\u0161t\u0117 16 mm<br \/>\nPriekin\u0117 dalis: matin\u0117 med\u017eio dro\u017eli\u0173 plok\u0161t\u0117 16 mm<br \/>\nVir\u0161us: matin\u0117 med\u017eio dro\u017eli\u0173 plok\u0161t\u0117 22 mm<br \/>\nRankena ir kojel\u0117s: da\u017eyta mediena<\/p>","protected":false},"featured_media":58414,"comment_status":"open","ping_status":"open","template":"","meta":[],"product_brand":[],"product_cat":[1173,2013,9138],"product_tag":[],"class_list":{"0":"post-58413","1":"product","2":"type-product","3":"status-publish","4":"has-post-thumbnail","6":"product_cat-chests-of-drawers","7":"product_cat-halmar","8":"product_cat-furniture-systems-halmar","10":"first","11":"instock","12":"purchasable","13":"product-type-simple"},"_links":{"self":[{"href":"https:\/\/baldumarket.lt\/lt\/wp-json\/wp\/v2\/product\/58413","targetHints":{"allow":["GET"]}}],"collection":[{"href":"https:\/\/baldumarket.lt\/lt\/wp-json\/wp\/v2\/product"}],"about":[{"href":"https:\/\/baldumarket.lt\/lt\/wp-json\/wp\/v2\/types\/product"}],"replies":[{"embeddable":true,"href":"https:\/\/baldumarket.lt\/lt\/wp-json\/wp\/v2\/comments?post=58413"}],"wp:featuredmedia":[{"embeddable":true,"href":"https:\/\/baldumarket.lt\/lt\/wp-json\/wp\/v2\/media\/58414"}],"wp:attachment":[{"href":"https:\/\/baldumarket.lt\/lt\/wp-json\/wp\/v2\/media?parent=58413"}],"wp:term":[{"taxonomy":"product_brand","embeddable":true,"href":"https:\/\/baldumarket.lt\/lt\/wp-json\/wp\/v2\/product_brand?post=58413"},{"taxonomy":"product_cat","embeddable":true,"href":"https:\/\/baldumarket.lt\/lt\/wp-json\/wp\/v2\/product_cat?post=58413"},{"taxonomy":"product_tag","embeddable":true,"href":"https:\/\/baldumarket.lt\/lt\/wp-json\/wp\/v2\/product_tag?post=58413"}],"curies":[{"name":"wp","href":"https:\/\/api.w.org\/{rel}","templated":true}]}}