{"id":58320,"date":"2025-11-22T00:44:15","date_gmt":"2025-11-21T21:44:15","guid":{"rendered":"https:\/\/baldumarket.lt\/product\/chest-of-drawer-qiu-2d1k-gloss-black-gloss-black\/"},"modified":"2026-02-04T00:37:16","modified_gmt":"2026-02-03T21:37:16","slug":"chest-of-drawer-qiu-2d1k-gloss-black-gloss-black","status":"publish","type":"product","link":"https:\/\/baldumarket.lt\/lt\/product\/chest-of-drawer-qiu-2d1k-gloss-black-gloss-black\/","title":{"rendered":"Komoda QIU 2D1K blizgi juoda\/blizgi juoda"},"content":{"rendered":"<h5><span style=\"color: #54859b\">Apsilankykite m\u016bs\u0173 virtualioje HALMAR MEBLE prek\u0117s \u017eenklo parduotuv\u0117je<\/span><\/h5>\n<p> <a href=\"https:\/\/my.matterport.com\/show\/?m=A37Zvh6YfmB\" target=\"_blank\" rel=\"noopener\"><span style=\"color: #e47025\">https:\/\/my.matterport.com\/<\/span><\/a><\/p>","protected":false},"excerpt":{"rendered":"<p>Matmenys: auk\u0161tis\/plotis\/gylis - 75 cm \/ 150 cm \/ 41,5 cm<br \/>\nmed\u017eiaga<br \/>\n\u0160onai ir priekin\u0117 dalis: blizgi laminuota MDF plok\u0161t\u0117 su matomomis frezomis<br \/>\nVir\u0161us: blizgi laminuota MDF plok\u0161t\u0117<br \/>\nKojel\u0117s: cokolis<br \/>\nRankenos: priekin\u0117s dalys i\u0161siki\u0161a vir\u0161 stalvir\u0161io<br \/>\nAp\u0161vietimas: m\u0117lynas arba RGB, skirtas QIU komodai, u\u017esakomas atskirai<\/p>\n<p>pakuot\u0117s matmenys:<br \/>\nD\u0117\u017e\u0117 1\/2: 154x44x10; svoris 25,5 kg<br \/>\nD\u0117\u017e\u0117 2\/2: 66,5x57x21; svoris 29 kg<\/p>","protected":false},"featured_media":58321,"comment_status":"open","ping_status":"open","template":"","meta":[],"product_brand":[],"product_cat":[1173,2013,9138],"product_tag":[],"class_list":{"0":"post-58320","1":"product","2":"type-product","3":"status-publish","4":"has-post-thumbnail","6":"product_cat-chests-of-drawers","7":"product_cat-halmar","8":"product_cat-furniture-systems-halmar","10":"first","11":"instock","12":"purchasable","13":"product-type-simple"},"_links":{"self":[{"href":"https:\/\/baldumarket.lt\/lt\/wp-json\/wp\/v2\/product\/58320","targetHints":{"allow":["GET"]}}],"collection":[{"href":"https:\/\/baldumarket.lt\/lt\/wp-json\/wp\/v2\/product"}],"about":[{"href":"https:\/\/baldumarket.lt\/lt\/wp-json\/wp\/v2\/types\/product"}],"replies":[{"embeddable":true,"href":"https:\/\/baldumarket.lt\/lt\/wp-json\/wp\/v2\/comments?post=58320"}],"wp:featuredmedia":[{"embeddable":true,"href":"https:\/\/baldumarket.lt\/lt\/wp-json\/wp\/v2\/media\/58321"}],"wp:attachment":[{"href":"https:\/\/baldumarket.lt\/lt\/wp-json\/wp\/v2\/media?parent=58320"}],"wp:term":[{"taxonomy":"product_brand","embeddable":true,"href":"https:\/\/baldumarket.lt\/lt\/wp-json\/wp\/v2\/product_brand?post=58320"},{"taxonomy":"product_cat","embeddable":true,"href":"https:\/\/baldumarket.lt\/lt\/wp-json\/wp\/v2\/product_cat?post=58320"},{"taxonomy":"product_tag","embeddable":true,"href":"https:\/\/baldumarket.lt\/lt\/wp-json\/wp\/v2\/product_tag?post=58320"}],"curies":[{"name":"wp","href":"https:\/\/api.w.org\/{rel}","templated":true}]}}