{"id":58315,"date":"2025-11-22T00:44:10","date_gmt":"2025-11-21T21:44:10","guid":{"rendered":"https:\/\/baldumarket.lt\/product\/chest-of-drawer-nova-mat-white\/"},"modified":"2026-02-04T00:37:16","modified_gmt":"2026-02-03T21:37:16","slug":"chest-of-drawer-nova-mat-white","status":"publish","type":"product","link":"https:\/\/baldumarket.lt\/lt\/produktas\/chest-of-drawer-nova-mat-white\/","title":{"rendered":"KOMODA NOVA rytin\u0117 balta"},"content":{"rendered":"<h5><span style=\"color: #54859b\">Apsilankykite m\u016bs\u0173 virtualioje HALMAR MEBLE prek\u0117s \u017eenklo parduotuv\u0117je<\/span><\/h5>\n<p> <a href=\"https:\/\/my.matterport.com\/show\/?m=A37Zvh6YfmB\" target=\"_blank\" rel=\"noopener\"><span style=\"color: #e47025\">https:\/\/my.matterport.com\/<\/span><\/a><\/p>","protected":false},"excerpt":{"rendered":"<p>matmenys: auk\u0161tis\/plotis\/gylis 75 cm \/ 155 cm \/ 40 cm,<br \/>\nmed\u017eiaga:<br \/>\nKorpusas: matin\u0117 MDF plok\u0161t\u0117, 16 mm<br \/>\nPriekin\u0117s dalys: matin\u0117s MDF plok\u0161t\u0117s, 18 mm, su pjaustytuvais<br \/>\nBriauna: ABS<br \/>\nKojel\u0117s: juodos spalvos plastikas<br \/>\nRankena: priekin\u0117 dalis t\u0119siasi u\u017e vir\u0161aus<\/p>","protected":false},"featured_media":58316,"comment_status":"open","ping_status":"open","template":"","meta":[],"product_brand":[],"product_cat":[1173,2013,9138],"product_tag":[],"class_list":{"0":"post-58315","1":"product","2":"type-product","3":"status-publish","4":"has-post-thumbnail","6":"product_cat-chests-of-drawers","7":"product_cat-halmar","8":"product_cat-furniture-systems-halmar","10":"first","11":"instock","12":"purchasable","13":"product-type-simple"},"_links":{"self":[{"href":"https:\/\/baldumarket.lt\/lt\/wp-json\/wp\/v2\/product\/58315","targetHints":{"allow":["GET"]}}],"collection":[{"href":"https:\/\/baldumarket.lt\/lt\/wp-json\/wp\/v2\/product"}],"about":[{"href":"https:\/\/baldumarket.lt\/lt\/wp-json\/wp\/v2\/types\/product"}],"replies":[{"embeddable":true,"href":"https:\/\/baldumarket.lt\/lt\/wp-json\/wp\/v2\/comments?post=58315"}],"wp:featuredmedia":[{"embeddable":true,"href":"https:\/\/baldumarket.lt\/lt\/wp-json\/wp\/v2\/media\/58316"}],"wp:attachment":[{"href":"https:\/\/baldumarket.lt\/lt\/wp-json\/wp\/v2\/media?parent=58315"}],"wp:term":[{"taxonomy":"product_brand","embeddable":true,"href":"https:\/\/baldumarket.lt\/lt\/wp-json\/wp\/v2\/product_brand?post=58315"},{"taxonomy":"product_cat","embeddable":true,"href":"https:\/\/baldumarket.lt\/lt\/wp-json\/wp\/v2\/product_cat?post=58315"},{"taxonomy":"product_tag","embeddable":true,"href":"https:\/\/baldumarket.lt\/lt\/wp-json\/wp\/v2\/product_tag?post=58315"}],"curies":[{"name":"wp","href":"https:\/\/api.w.org\/{rel}","templated":true}]}}