{"id":58302,"date":"2025-11-22T00:43:55","date_gmt":"2025-11-21T21:43:55","guid":{"rendered":"https:\/\/baldumarket.lt\/product\/body-chest-of-drawers-komoda-vigo-black\/"},"modified":"2026-02-04T00:37:16","modified_gmt":"2026-02-03T21:37:16","slug":"body-chest-of-drawers-komoda-vigo-black","status":"publish","type":"product","link":"https:\/\/baldumarket.lt\/lt\/product\/body-chest-of-drawers-komoda-vigo-black\/","title":{"rendered":"VIGO komodos korpusas, juodas"},"content":{"rendered":"<h5><span style=\"color: #54859b\">Apsilankykite m\u016bs\u0173 virtualioje HALMAR MEBLE prek\u0117s \u017eenklo parduotuv\u0117je<\/span><\/h5>\n<p> <a href=\"https:\/\/my.matterport.com\/show\/?m=A37Zvh6YfmB\" target=\"_blank\" rel=\"noopener\"><span style=\"color: #e47025\">https:\/\/my.matterport.com\/<\/span><\/a><\/p>","protected":false},"excerpt":{"rendered":"<p>D\u0116MESIO!!! Korpusas ir priekin\u0117s dalys u\u017esakomos atskirai<br \/>\n(ap\u0161vietimas ne\u012fskai\u010diuotas, ap\u0161vietim\u0105 POLARUS MICRO x1 ir maitinimo adapter\u012f reikia u\u017esisakyti atskirai)<br \/>\nMatmenys: auk\u0161tis\/plotis\/gylis - 90 cm \/ 120 cm \/ 38 cm<br \/>\nmed\u017eiaga<br \/>\nKorpusas: laminuota matin\u0117 med\u017eio dro\u017eli\u0173 plok\u0161t\u0117<br \/>\nPriekin\u0117s dalys: laminuota, blizgi MDF plok\u0161t\u0117 ir stiklas<br \/>\nRankena: PUSH CLICK sistema<\/p>","protected":false},"featured_media":58303,"comment_status":"open","ping_status":"open","template":"","meta":[],"product_brand":[],"product_cat":[1173,2013,9138],"product_tag":[],"class_list":{"0":"post-58302","1":"product","2":"type-product","3":"status-publish","4":"has-post-thumbnail","6":"product_cat-chests-of-drawers","7":"product_cat-halmar","8":"product_cat-furniture-systems-halmar","10":"first","11":"instock","12":"purchasable","13":"product-type-simple"},"_links":{"self":[{"href":"https:\/\/baldumarket.lt\/lt\/wp-json\/wp\/v2\/product\/58302","targetHints":{"allow":["GET"]}}],"collection":[{"href":"https:\/\/baldumarket.lt\/lt\/wp-json\/wp\/v2\/product"}],"about":[{"href":"https:\/\/baldumarket.lt\/lt\/wp-json\/wp\/v2\/types\/product"}],"replies":[{"embeddable":true,"href":"https:\/\/baldumarket.lt\/lt\/wp-json\/wp\/v2\/comments?post=58302"}],"wp:featuredmedia":[{"embeddable":true,"href":"https:\/\/baldumarket.lt\/lt\/wp-json\/wp\/v2\/media\/58303"}],"wp:attachment":[{"href":"https:\/\/baldumarket.lt\/lt\/wp-json\/wp\/v2\/media?parent=58302"}],"wp:term":[{"taxonomy":"product_brand","embeddable":true,"href":"https:\/\/baldumarket.lt\/lt\/wp-json\/wp\/v2\/product_brand?post=58302"},{"taxonomy":"product_cat","embeddable":true,"href":"https:\/\/baldumarket.lt\/lt\/wp-json\/wp\/v2\/product_cat?post=58302"},{"taxonomy":"product_tag","embeddable":true,"href":"https:\/\/baldumarket.lt\/lt\/wp-json\/wp\/v2\/product_tag?post=58302"}],"curies":[{"name":"wp","href":"https:\/\/api.w.org\/{rel}","templated":true}]}}