{"id":55835,"date":"2025-11-21T23:46:02","date_gmt":"2025-11-21T20:46:02","guid":{"rendered":"https:\/\/baldumarket.lt\/product\/matrix-3-children-chair-color-grey-white\/"},"modified":"2026-02-04T00:37:51","modified_gmt":"2026-02-03T21:37:51","slug":"matrix-3-children-chair-color-grey-white","status":"publish","type":"product","link":"https:\/\/baldumarket.lt\/lt\/produktas\/matrix-3-children-chair-color-grey-white\/","title":{"rendered":"MATRIX 3 vaiki\u0161ka k\u0117d\u0117, spalva: pilka \/ balta"},"content":{"rendered":"<h5><span style=\"color: #54859b\">Apsilankykite m\u016bs\u0173 virtualioje HALMAR MEBLE prek\u0117s \u017eenklo parduotuv\u0117je<\/span><\/h5>\n<p> <a href=\"https:\/\/my.matterport.com\/show\/?m=A37Zvh6YfmB\" target=\"_blank\" rel=\"noopener\"><span style=\"color: #e47025\">https:\/\/my.matterport.com\/<\/span><\/a><\/p>","protected":false},"excerpt":{"rendered":"<p>Matmenys: 48\/57\/79-88\/46-55 cm, paprastas mechanizmas, audinys \/ eko oda, spalva: pilka \/ balta<\/p>","protected":false},"featured_media":55836,"comment_status":"open","ping_status":"open","template":"","meta":[],"product_brand":[],"product_cat":[1930,2013,9153],"product_tag":[],"class_list":{"0":"post-55835","1":"product","2":"type-product","3":"status-publish","4":"has-post-thumbnail","6":"product_cat-chairs","7":"product_cat-halmar","8":"product_cat-chairs-halmar","10":"first","11":"instock","12":"purchasable","13":"product-type-simple"},"_links":{"self":[{"href":"https:\/\/baldumarket.lt\/lt\/wp-json\/wp\/v2\/product\/55835","targetHints":{"allow":["GET"]}}],"collection":[{"href":"https:\/\/baldumarket.lt\/lt\/wp-json\/wp\/v2\/product"}],"about":[{"href":"https:\/\/baldumarket.lt\/lt\/wp-json\/wp\/v2\/types\/product"}],"replies":[{"embeddable":true,"href":"https:\/\/baldumarket.lt\/lt\/wp-json\/wp\/v2\/comments?post=55835"}],"wp:featuredmedia":[{"embeddable":true,"href":"https:\/\/baldumarket.lt\/lt\/wp-json\/wp\/v2\/media\/55836"}],"wp:attachment":[{"href":"https:\/\/baldumarket.lt\/lt\/wp-json\/wp\/v2\/media?parent=55835"}],"wp:term":[{"taxonomy":"product_brand","embeddable":true,"href":"https:\/\/baldumarket.lt\/lt\/wp-json\/wp\/v2\/product_brand?post=55835"},{"taxonomy":"product_cat","embeddable":true,"href":"https:\/\/baldumarket.lt\/lt\/wp-json\/wp\/v2\/product_cat?post=55835"},{"taxonomy":"product_tag","embeddable":true,"href":"https:\/\/baldumarket.lt\/lt\/wp-json\/wp\/v2\/product_tag?post=55835"}],"curies":[{"name":"wp","href":"https:\/\/api.w.org\/{rel}","templated":true}]}}