{"id":54320,"date":"2025-11-21T23:13:18","date_gmt":"2025-11-21T20:13:18","guid":{"rendered":"https:\/\/baldumarket.lt\/product\/k564-chair-grey\/"},"modified":"2026-02-04T00:38:08","modified_gmt":"2026-02-03T21:38:08","slug":"k564-chair-grey","status":"publish","type":"product","link":"https:\/\/baldumarket.lt\/lt\/produktas\/k564-chair-grey\/","title":{"rendered":"K564 k\u0117d\u0117, pilka"},"content":{"rendered":"<h5><span style=\"color: #54859b\">Apsilankykite m\u016bs\u0173 virtualioje HALMAR MEBLE prek\u0117s \u017eenklo parduotuv\u0117je<\/span><\/h5>\n<p> <a href=\"https:\/\/my.matterport.com\/show\/?m=A37Zvh6YfmB\" target=\"_blank\" rel=\"noopener\"><span style=\"color: #e47025\">https:\/\/my.matterport.com\/<\/span><\/a><\/p>","protected":false},"excerpt":{"rendered":"<p>Matmenys: 60\/63\/87\/50 cm, pasukimo funkcija, med\u017eiaga: audinys \/ milteliniu b\u016bdu da\u017eytas plienas, spalva: pilka<\/p>","protected":false},"featured_media":54321,"comment_status":"open","ping_status":"open","template":"","meta":[],"product_brand":[],"product_cat":[1930,2013,9153],"product_tag":[],"class_list":{"0":"post-54320","1":"product","2":"type-product","3":"status-publish","4":"has-post-thumbnail","6":"product_cat-chairs","7":"product_cat-halmar","8":"product_cat-chairs-halmar","10":"first","11":"instock","12":"purchasable","13":"product-type-simple"},"_links":{"self":[{"href":"https:\/\/baldumarket.lt\/lt\/wp-json\/wp\/v2\/product\/54320","targetHints":{"allow":["GET"]}}],"collection":[{"href":"https:\/\/baldumarket.lt\/lt\/wp-json\/wp\/v2\/product"}],"about":[{"href":"https:\/\/baldumarket.lt\/lt\/wp-json\/wp\/v2\/types\/product"}],"replies":[{"embeddable":true,"href":"https:\/\/baldumarket.lt\/lt\/wp-json\/wp\/v2\/comments?post=54320"}],"wp:featuredmedia":[{"embeddable":true,"href":"https:\/\/baldumarket.lt\/lt\/wp-json\/wp\/v2\/media\/54321"}],"wp:attachment":[{"href":"https:\/\/baldumarket.lt\/lt\/wp-json\/wp\/v2\/media?parent=54320"}],"wp:term":[{"taxonomy":"product_brand","embeddable":true,"href":"https:\/\/baldumarket.lt\/lt\/wp-json\/wp\/v2\/product_brand?post=54320"},{"taxonomy":"product_cat","embeddable":true,"href":"https:\/\/baldumarket.lt\/lt\/wp-json\/wp\/v2\/product_cat?post=54320"},{"taxonomy":"product_tag","embeddable":true,"href":"https:\/\/baldumarket.lt\/lt\/wp-json\/wp\/v2\/product_tag?post=54320"}],"curies":[{"name":"wp","href":"https:\/\/api.w.org\/{rel}","templated":true}]}}