{"id":49536,"date":"2025-11-21T22:02:34","date_gmt":"2025-11-21T19:02:34","guid":{"rendered":"https:\/\/baldumarket.lt\/product\/jeff-armchair-color-brown\/"},"modified":"2026-02-04T00:39:09","modified_gmt":"2026-02-03T21:39:09","slug":"jeff-armchair-color-brown","status":"publish","type":"product","link":"https:\/\/baldumarket.lt\/lt\/produktas\/jeff-armchair-color-brown\/","title":{"rendered":"JEFF fotelio spalva: ruda"},"content":{"rendered":"<h5><span style=\"color: #54859b\">Apsilankykite m\u016bs\u0173 virtualioje HALMAR MEBLE prek\u0117s \u017eenklo parduotuv\u0117je<\/span><\/h5>\n<p> <a href=\"https:\/\/my.matterport.com\/show\/?m=A37Zvh6YfmB\" target=\"_blank\" rel=\"noopener\"><span style=\"color: #e47025\">https:\/\/my.matterport.com\/<\/span><\/a><\/p>","protected":false},"excerpt":{"rendered":"<p>atlo\u0161tas kr\u0117slas, matmenys: 85\/93\/101 cm, med\u017eiaga: eko oda, spalva: ruda<\/p>","protected":false},"featured_media":49537,"comment_status":"open","ping_status":"open","template":"","meta":[],"product_brand":[],"product_cat":[1930,2013,9153],"product_tag":[],"class_list":{"0":"post-49536","1":"product","2":"type-product","3":"status-publish","4":"has-post-thumbnail","6":"product_cat-chairs","7":"product_cat-halmar","8":"product_cat-chairs-halmar","10":"first","11":"instock","12":"purchasable","13":"product-type-simple"},"_links":{"self":[{"href":"https:\/\/baldumarket.lt\/lt\/wp-json\/wp\/v2\/product\/49536","targetHints":{"allow":["GET"]}}],"collection":[{"href":"https:\/\/baldumarket.lt\/lt\/wp-json\/wp\/v2\/product"}],"about":[{"href":"https:\/\/baldumarket.lt\/lt\/wp-json\/wp\/v2\/types\/product"}],"replies":[{"embeddable":true,"href":"https:\/\/baldumarket.lt\/lt\/wp-json\/wp\/v2\/comments?post=49536"}],"wp:featuredmedia":[{"embeddable":true,"href":"https:\/\/baldumarket.lt\/lt\/wp-json\/wp\/v2\/media\/49537"}],"wp:attachment":[{"href":"https:\/\/baldumarket.lt\/lt\/wp-json\/wp\/v2\/media?parent=49536"}],"wp:term":[{"taxonomy":"product_brand","embeddable":true,"href":"https:\/\/baldumarket.lt\/lt\/wp-json\/wp\/v2\/product_brand?post=49536"},{"taxonomy":"product_cat","embeddable":true,"href":"https:\/\/baldumarket.lt\/lt\/wp-json\/wp\/v2\/product_cat?post=49536"},{"taxonomy":"product_tag","embeddable":true,"href":"https:\/\/baldumarket.lt\/lt\/wp-json\/wp\/v2\/product_tag?post=49536"}],"curies":[{"name":"wp","href":"https:\/\/api.w.org\/{rel}","templated":true}]}}