{"id":46986,"date":"2025-11-21T21:25:18","date_gmt":"2025-11-21T18:25:18","guid":{"rendered":"https:\/\/baldumarket.lt\/product\/dario-leisure-chair-with-stool-beige\/"},"modified":"2026-02-04T00:40:59","modified_gmt":"2026-02-03T21:40:59","slug":"dario-leisure-chair-with-stool-beige","status":"publish","type":"product","link":"https:\/\/baldumarket.lt\/lt\/produktas\/dario-leisure-chair-with-stool-beige\/","title":{"rendered":"DARIO poilsio k\u0117d\u0117 su taburet\u0117le, sm\u0117lio spalvos"},"content":{"rendered":"<h5><span style=\"color: #54859b\">Apsilankykite m\u016bs\u0173 virtualioje HALMAR MEBLE prek\u0117s \u017eenklo parduotuv\u0117je<\/span><\/h5>\n<p> <a href=\"https:\/\/my.matterport.com\/show\/?m=A37Zvh6YfmB\" target=\"_blank\" rel=\"noopener\"><span style=\"color: #e47025\">https:\/\/my.matterport.com\/<\/span><\/a><\/p>","protected":false},"excerpt":{"rendered":"<p>Matmenys: 80\/90\/100\/45 cm ir 50\/45\/42 cm, fotelis su pufu ir supam\u0105ja funkcija, med\u017eiaga: audinys \/ milteliniu b\u016bdu da\u017eytas plienas, spalva sm\u0117lio spalvos<\/p>","protected":false},"featured_media":46987,"comment_status":"open","ping_status":"open","template":"","meta":[],"product_brand":[],"product_cat":[1930,2013,9153],"product_tag":[],"class_list":{"0":"post-46986","1":"product","2":"type-product","3":"status-publish","4":"has-post-thumbnail","6":"product_cat-chairs","7":"product_cat-halmar","8":"product_cat-chairs-halmar","10":"first","11":"instock","12":"purchasable","13":"product-type-simple"},"_links":{"self":[{"href":"https:\/\/baldumarket.lt\/lt\/wp-json\/wp\/v2\/product\/46986","targetHints":{"allow":["GET"]}}],"collection":[{"href":"https:\/\/baldumarket.lt\/lt\/wp-json\/wp\/v2\/product"}],"about":[{"href":"https:\/\/baldumarket.lt\/lt\/wp-json\/wp\/v2\/types\/product"}],"replies":[{"embeddable":true,"href":"https:\/\/baldumarket.lt\/lt\/wp-json\/wp\/v2\/comments?post=46986"}],"wp:featuredmedia":[{"embeddable":true,"href":"https:\/\/baldumarket.lt\/lt\/wp-json\/wp\/v2\/media\/46987"}],"wp:attachment":[{"href":"https:\/\/baldumarket.lt\/lt\/wp-json\/wp\/v2\/media?parent=46986"}],"wp:term":[{"taxonomy":"product_brand","embeddable":true,"href":"https:\/\/baldumarket.lt\/lt\/wp-json\/wp\/v2\/product_brand?post=46986"},{"taxonomy":"product_cat","embeddable":true,"href":"https:\/\/baldumarket.lt\/lt\/wp-json\/wp\/v2\/product_cat?post=46986"},{"taxonomy":"product_tag","embeddable":true,"href":"https:\/\/baldumarket.lt\/lt\/wp-json\/wp\/v2\/product_tag?post=46986"}],"curies":[{"name":"wp","href":"https:\/\/api.w.org\/{rel}","templated":true}]}}