{"id":46661,"date":"2025-11-21T21:20:52","date_gmt":"2025-11-21T18:20:52","guid":{"rendered":"https:\/\/baldumarket.lt\/product\/chillout-leisure-armchair-dark-grey-natural-oak-legs-black\/"},"modified":"2026-02-04T00:41:29","modified_gmt":"2026-02-03T21:41:29","slug":"chillout-leisure-armchair-dark-grey-natural-oak-legs-black","status":"publish","type":"product","link":"https:\/\/baldumarket.lt\/lt\/produktas\/chillout-leisure-armchair-dark-grey-natural-oak-legs-black\/","title":{"rendered":"CHILLOUT laisvalaikio fotelis tamsiai pilkas \/ nat\u016bralus \u0105\u017euolas, kojos \u2013 juodos"},"content":{"rendered":"<h5><span style=\"color: #54859b\">Apsilankykite m\u016bs\u0173 virtualioje HALMAR MEBLE prek\u0117s \u017eenklo parduotuv\u0117je<\/span><\/h5>\n<p> <a href=\"https:\/\/my.matterport.com\/show\/?m=A37Zvh6YfmB\" target=\"_blank\" rel=\"noopener\"><span style=\"color: #e47025\">https:\/\/my.matterport.com\/<\/span><\/a><\/p>","protected":false},"excerpt":{"rendered":"<p>Matmenys: 74\/67\/79\/43 cm, med\u017eiaga: audinys \/ lenkta fanera + nat\u016bralus luk\u0161tas \/ milteliniu b\u016bdu da\u017eytas plienas,<br \/>\nSpalvos: apmu\u0161alai \u2013 tamsiai pilka \/ nat\u016bralus \u0105\u017euolas, kojel\u0117s \u2013 juodos<\/p>","protected":false},"featured_media":46662,"comment_status":"open","ping_status":"open","template":"","meta":[],"product_brand":[],"product_cat":[1930,2013,9153],"product_tag":[],"class_list":{"0":"post-46661","1":"product","2":"type-product","3":"status-publish","4":"has-post-thumbnail","6":"product_cat-chairs","7":"product_cat-halmar","8":"product_cat-chairs-halmar","10":"first","11":"instock","12":"purchasable","13":"product-type-simple"},"_links":{"self":[{"href":"https:\/\/baldumarket.lt\/lt\/wp-json\/wp\/v2\/product\/46661","targetHints":{"allow":["GET"]}}],"collection":[{"href":"https:\/\/baldumarket.lt\/lt\/wp-json\/wp\/v2\/product"}],"about":[{"href":"https:\/\/baldumarket.lt\/lt\/wp-json\/wp\/v2\/types\/product"}],"replies":[{"embeddable":true,"href":"https:\/\/baldumarket.lt\/lt\/wp-json\/wp\/v2\/comments?post=46661"}],"wp:featuredmedia":[{"embeddable":true,"href":"https:\/\/baldumarket.lt\/lt\/wp-json\/wp\/v2\/media\/46662"}],"wp:attachment":[{"href":"https:\/\/baldumarket.lt\/lt\/wp-json\/wp\/v2\/media?parent=46661"}],"wp:term":[{"taxonomy":"product_brand","embeddable":true,"href":"https:\/\/baldumarket.lt\/lt\/wp-json\/wp\/v2\/product_brand?post=46661"},{"taxonomy":"product_cat","embeddable":true,"href":"https:\/\/baldumarket.lt\/lt\/wp-json\/wp\/v2\/product_cat?post=46661"},{"taxonomy":"product_tag","embeddable":true,"href":"https:\/\/baldumarket.lt\/lt\/wp-json\/wp\/v2\/product_tag?post=46661"}],"curies":[{"name":"wp","href":"https:\/\/api.w.org\/{rel}","templated":true}]}}