{"id":46195,"date":"2025-11-21T21:14:29","date_gmt":"2025-11-21T18:14:29","guid":{"rendered":"https:\/\/baldumarket.lt\/product\/berkel-office-chair-color-black-red\/"},"modified":"2026-02-04T00:42:20","modified_gmt":"2026-02-03T21:42:20","slug":"berkel-office-chair-color-black-red","status":"publish","type":"product","link":"https:\/\/baldumarket.lt\/lt\/produktas\/berkel-office-chair-color-black-red\/","title":{"rendered":"BERKEL biuro k\u0117d\u0117, spalva: juoda \/ raudona"},"content":{"rendered":"<h5><span style=\"color: #54859b\">Apsilankykite m\u016bs\u0173 virtualioje HALMAR MEBLE prek\u0117s \u017eenklo parduotuv\u0117je<\/span><\/h5>\n<p> <a href=\"https:\/\/my.matterport.com\/show\/?m=A37Zvh6YfmB\" target=\"_blank\" rel=\"noopener\"><span style=\"color: #e47025\">https:\/\/my.matterport.com\/<\/span><\/a><\/p>","protected":false},"excerpt":{"rendered":"<p>Matmenys: 62\/63\/108-117\/44-53 cm, pakreipimo mechanizmas, eko oda \/ membraninis audinys, spalvos: juoda \/ raudona<\/p>","protected":false},"featured_media":46196,"comment_status":"open","ping_status":"open","template":"","meta":[],"product_brand":[],"product_cat":[1930,2013,9153],"product_tag":[],"class_list":{"0":"post-46195","1":"product","2":"type-product","3":"status-publish","4":"has-post-thumbnail","6":"product_cat-chairs","7":"product_cat-halmar","8":"product_cat-chairs-halmar","10":"first","11":"instock","12":"purchasable","13":"product-type-simple"},"_links":{"self":[{"href":"https:\/\/baldumarket.lt\/lt\/wp-json\/wp\/v2\/product\/46195","targetHints":{"allow":["GET"]}}],"collection":[{"href":"https:\/\/baldumarket.lt\/lt\/wp-json\/wp\/v2\/product"}],"about":[{"href":"https:\/\/baldumarket.lt\/lt\/wp-json\/wp\/v2\/types\/product"}],"replies":[{"embeddable":true,"href":"https:\/\/baldumarket.lt\/lt\/wp-json\/wp\/v2\/comments?post=46195"}],"wp:featuredmedia":[{"embeddable":true,"href":"https:\/\/baldumarket.lt\/lt\/wp-json\/wp\/v2\/media\/46196"}],"wp:attachment":[{"href":"https:\/\/baldumarket.lt\/lt\/wp-json\/wp\/v2\/media?parent=46195"}],"wp:term":[{"taxonomy":"product_brand","embeddable":true,"href":"https:\/\/baldumarket.lt\/lt\/wp-json\/wp\/v2\/product_brand?post=46195"},{"taxonomy":"product_cat","embeddable":true,"href":"https:\/\/baldumarket.lt\/lt\/wp-json\/wp\/v2\/product_cat?post=46195"},{"taxonomy":"product_tag","embeddable":true,"href":"https:\/\/baldumarket.lt\/lt\/wp-json\/wp\/v2\/product_tag?post=46195"}],"curies":[{"name":"wp","href":"https:\/\/api.w.org\/{rel}","templated":true}]}}