{"id":45991,"date":"2025-11-21T21:11:44","date_gmt":"2025-11-21T18:11:44","guid":{"rendered":"https:\/\/baldumarket.lt\/product\/barkley-chair\/"},"modified":"2026-02-04T00:42:32","modified_gmt":"2026-02-03T21:42:32","slug":"barkley-chair","status":"publish","type":"product","link":"https:\/\/baldumarket.lt\/lt\/product\/barkley-chair\/","title":{"rendered":"BARKLEY k\u0117d\u0117"},"content":{"rendered":"<h5><span style=\"color: #54859b\">Apsilankykite m\u016bs\u0173 virtualioje HALMAR MEBLE prek\u0117s \u017eenklo parduotuv\u0117je<\/span><\/h5>\n<p> <a href=\"https:\/\/my.matterport.com\/show\/?m=A37Zvh6YfmB\" target=\"_blank\" rel=\"noopener\"><span style=\"color: #e47025\">https:\/\/my.matterport.com\/<\/span><\/a><\/p>","protected":false},"excerpt":{"rendered":"<p>Matmenys: 44\/50\/85\/45 cm, med\u017eiaga: kau\u010diukmedis, spalva: balta<br \/>\n* \u0160is gaminys pagamintas rankomis. Gali b\u016bti pasteb\u0117ti nedideli pa\u017eeidimai, kurie yra rank\u0173 darbo gaminio \u017eavesio dalis. Tai yra gaminio unikalumas ir netur\u0117t\u0173 b\u016bti laikomas gamybos defektu. Jie netur\u0117s \u012ftakos bendrai gaminio estetikai ir jo tinkamumui naudoti pagal paskirt\u012f.<\/p>","protected":false},"featured_media":45992,"comment_status":"open","ping_status":"open","template":"","meta":[],"product_brand":[],"product_cat":[1930,2013,9153],"product_tag":[],"class_list":{"0":"post-45991","1":"product","2":"type-product","3":"status-publish","4":"has-post-thumbnail","6":"product_cat-chairs","7":"product_cat-halmar","8":"product_cat-chairs-halmar","10":"first","11":"instock","12":"purchasable","13":"product-type-simple"},"_links":{"self":[{"href":"https:\/\/baldumarket.lt\/lt\/wp-json\/wp\/v2\/product\/45991","targetHints":{"allow":["GET"]}}],"collection":[{"href":"https:\/\/baldumarket.lt\/lt\/wp-json\/wp\/v2\/product"}],"about":[{"href":"https:\/\/baldumarket.lt\/lt\/wp-json\/wp\/v2\/types\/product"}],"replies":[{"embeddable":true,"href":"https:\/\/baldumarket.lt\/lt\/wp-json\/wp\/v2\/comments?post=45991"}],"wp:featuredmedia":[{"embeddable":true,"href":"https:\/\/baldumarket.lt\/lt\/wp-json\/wp\/v2\/media\/45992"}],"wp:attachment":[{"href":"https:\/\/baldumarket.lt\/lt\/wp-json\/wp\/v2\/media?parent=45991"}],"wp:term":[{"taxonomy":"product_brand","embeddable":true,"href":"https:\/\/baldumarket.lt\/lt\/wp-json\/wp\/v2\/product_brand?post=45991"},{"taxonomy":"product_cat","embeddable":true,"href":"https:\/\/baldumarket.lt\/lt\/wp-json\/wp\/v2\/product_cat?post=45991"},{"taxonomy":"product_tag","embeddable":true,"href":"https:\/\/baldumarket.lt\/lt\/wp-json\/wp\/v2\/product_tag?post=45991"}],"curies":[{"name":"wp","href":"https:\/\/api.w.org\/{rel}","templated":true}]}}