{"id":45372,"date":"2025-11-21T21:03:18","date_gmt":"2025-11-21T18:03:18","guid":{"rendered":"https:\/\/baldumarket.lt\/product\/mirror-cabinet-toreto-slu-80-white\/"},"modified":"2026-02-04T00:43:26","modified_gmt":"2026-02-03T21:43:26","slug":"mirror-cabinet-toreto-slu-80-white","status":"publish","type":"product","link":"https:\/\/baldumarket.lt\/lt\/product\/mirror-cabinet-toreto-slu-80-white\/","title":{"rendered":"Veidrodin\u0117 spintel\u0117, TORETO SLU-80, balta"},"content":{"rendered":"<h5><span style=\"color: #54859b\">Apsilankykite m\u016bs\u0173 virtualioje HALMAR MEBLE prek\u0117s \u017eenklo parduotuv\u0117je<\/span><\/h5>\n<p> <a href=\"https:\/\/my.matterport.com\/show\/?m=A37Zvh6YfmB\" target=\"_blank\" rel=\"noopener\"><span style=\"color: #e47025\">https:\/\/my.matterport.com\/<\/span><\/a><\/p>","protected":false},"excerpt":{"rendered":"<p>Veidrodin\u0117 spintel\u0117, matmenys: 80\/15\/70 cm, med\u017eiaga: korpusas \u2013 laminuota med\u017eio dro\u017eli\u0173 plok\u0161t\u0117, priekis \u2013 laminuotas MDF \/ stiklas, \u0161velnaus u\u017edarymo pakabos ir b\u0117geliai, spalva: balta matin\u0117<\/p>","protected":false},"featured_media":45373,"comment_status":"open","ping_status":"open","template":"","meta":[],"product_brand":[],"product_cat":[9117,2013],"product_tag":[],"class_list":{"0":"post-45372","1":"product","2":"type-product","3":"status-publish","4":"has-post-thumbnail","6":"product_cat-bathroom","7":"product_cat-halmar","9":"first","10":"instock","11":"purchasable","12":"product-type-simple"},"_links":{"self":[{"href":"https:\/\/baldumarket.lt\/lt\/wp-json\/wp\/v2\/product\/45372","targetHints":{"allow":["GET"]}}],"collection":[{"href":"https:\/\/baldumarket.lt\/lt\/wp-json\/wp\/v2\/product"}],"about":[{"href":"https:\/\/baldumarket.lt\/lt\/wp-json\/wp\/v2\/types\/product"}],"replies":[{"embeddable":true,"href":"https:\/\/baldumarket.lt\/lt\/wp-json\/wp\/v2\/comments?post=45372"}],"wp:featuredmedia":[{"embeddable":true,"href":"https:\/\/baldumarket.lt\/lt\/wp-json\/wp\/v2\/media\/45373"}],"wp:attachment":[{"href":"https:\/\/baldumarket.lt\/lt\/wp-json\/wp\/v2\/media?parent=45372"}],"wp:term":[{"taxonomy":"product_brand","embeddable":true,"href":"https:\/\/baldumarket.lt\/lt\/wp-json\/wp\/v2\/product_brand?post=45372"},{"taxonomy":"product_cat","embeddable":true,"href":"https:\/\/baldumarket.lt\/lt\/wp-json\/wp\/v2\/product_cat?post=45372"},{"taxonomy":"product_tag","embeddable":true,"href":"https:\/\/baldumarket.lt\/lt\/wp-json\/wp\/v2\/product_tag?post=45372"}],"curies":[{"name":"wp","href":"https:\/\/api.w.org\/{rel}","templated":true}]}}