{"id":45327,"date":"2025-11-21T21:02:42","date_gmt":"2025-11-21T18:02:42","guid":{"rendered":"https:\/\/baldumarket.lt\/product\/wood-standing-cabinet-wotan-antracyt\/"},"modified":"2026-02-04T00:43:30","modified_gmt":"2026-02-03T21:43:30","slug":"wood-standing-cabinet-wotan-antracyt","status":"publish","type":"product","link":"https:\/\/baldumarket.lt\/lt\/product\/wood-standing-cabinet-wotan-antracyt\/","title":{"rendered":"WOOD pastatoma spintel\u0117, wotan\/antracito spalvos"},"content":{"rendered":"<h5><span style=\"color: #54859b\">Apsilankykite m\u016bs\u0173 virtualioje HALMAR MEBLE prek\u0117s \u017eenklo parduotuv\u0117je<\/span><\/h5>\n<p> <a href=\"https:\/\/my.matterport.com\/show\/?m=A37Zvh6YfmB\" target=\"_blank\" rel=\"noopener\"><span style=\"color: #e47025\">https:\/\/my.matterport.com\/<\/span><\/a><\/p>","protected":false},"excerpt":{"rendered":"<p>LIFE TV staliukas<br \/>\nMatmenys: auk\u0161tis\/plotis\/gylis - 170,5 cm \/ 65 cm \/ 40 cm<br \/>\nmed\u017eiaga:<br \/>\nKorpusas: matin\u0117 laminuota med\u017eio dro\u017eli\u0173 plok\u0161t\u0117, 16 mm (vir\u0161us, \u0161onai, lentos)<br \/>\nfasadas: matin\u0117 laminuota med\u017eio dro\u017eli\u0173 plok\u0161t\u0117, 16 mm<br \/>\nkojel\u0117s: matin\u0117 laminuota med\u017eio dro\u017eli\u0173 plok\u0161t\u0117, 16 mm<br \/>\nPASTABA: priekin\u0117s dalys ir kojel\u0117s \u0161iek tiek i\u0161siki\u0161a vir\u0161 spintel\u0117s vir\u0161aus<\/p>","protected":false},"featured_media":45328,"comment_status":"open","ping_status":"open","template":"","meta":[],"product_brand":[],"product_cat":[2013,1177],"product_tag":[],"class_list":{"0":"post-45327","1":"product","2":"type-product","3":"status-publish","4":"has-post-thumbnail","6":"product_cat-halmar","7":"product_cat-wardrobes","9":"first","10":"instock","11":"purchasable","12":"product-type-simple"},"_links":{"self":[{"href":"https:\/\/baldumarket.lt\/lt\/wp-json\/wp\/v2\/product\/45327","targetHints":{"allow":["GET"]}}],"collection":[{"href":"https:\/\/baldumarket.lt\/lt\/wp-json\/wp\/v2\/product"}],"about":[{"href":"https:\/\/baldumarket.lt\/lt\/wp-json\/wp\/v2\/types\/product"}],"replies":[{"embeddable":true,"href":"https:\/\/baldumarket.lt\/lt\/wp-json\/wp\/v2\/comments?post=45327"}],"wp:featuredmedia":[{"embeddable":true,"href":"https:\/\/baldumarket.lt\/lt\/wp-json\/wp\/v2\/media\/45328"}],"wp:attachment":[{"href":"https:\/\/baldumarket.lt\/lt\/wp-json\/wp\/v2\/media?parent=45327"}],"wp:term":[{"taxonomy":"product_brand","embeddable":true,"href":"https:\/\/baldumarket.lt\/lt\/wp-json\/wp\/v2\/product_brand?post=45327"},{"taxonomy":"product_cat","embeddable":true,"href":"https:\/\/baldumarket.lt\/lt\/wp-json\/wp\/v2\/product_cat?post=45327"},{"taxonomy":"product_tag","embeddable":true,"href":"https:\/\/baldumarket.lt\/lt\/wp-json\/wp\/v2\/product_tag?post=45327"}],"curies":[{"name":"wp","href":"https:\/\/api.w.org\/{rel}","templated":true}]}}