{"id":45313,"date":"2025-11-21T21:02:31","date_gmt":"2025-11-21T18:02:31","guid":{"rendered":"https:\/\/baldumarket.lt\/product\/wall-cabinet-venezia-sl-cashmere\/"},"modified":"2026-02-04T00:43:32","modified_gmt":"2026-02-03T21:43:32","slug":"wall-cabinet-venezia-sl-cashmere","status":"publish","type":"product","link":"https:\/\/baldumarket.lt\/lt\/product\/wall-cabinet-venezia-sl-cashmere\/","title":{"rendered":"sienin\u0117 spintel\u0117, VENEZIA SL ka\u0161myras"},"content":{"rendered":"<h5><span style=\"color: #54859b\">Apsilankykite m\u016bs\u0173 virtualioje HALMAR MEBLE prek\u0117s \u017eenklo parduotuv\u0117je<\/span><\/h5>\n<p> <a href=\"https:\/\/my.matterport.com\/show\/?m=A37Zvh6YfmB\" target=\"_blank\" rel=\"noopener\"><span style=\"color: #e47025\">https:\/\/my.matterport.com\/<\/span><\/a><\/p>","protected":false},"excerpt":{"rendered":"<p>Sienin\u0117 spintel\u0117, matmenys: 43\/25\/132 cm, med\u017eiaga: MDF pl\u0117vele dengta plok\u0161t\u0117, \u0161velniai u\u017esidaran\u010dios b\u0117gel\u0117s \u2013 visi\u0161kai i\u0161traukiamos, atidaromos spustel\u0117jus, reguliuojami pakabos, spalva: matin\u0117 ka\u0161myro<\/p>","protected":false},"featured_media":45314,"comment_status":"open","ping_status":"open","template":"","meta":[],"product_brand":[],"product_cat":[9120,2013],"product_tag":[],"class_list":{"0":"post-45313","1":"product","2":"type-product","3":"status-publish","4":"has-post-thumbnail","6":"product_cat-cabinets","7":"product_cat-halmar","9":"first","10":"instock","11":"purchasable","12":"product-type-simple"},"_links":{"self":[{"href":"https:\/\/baldumarket.lt\/lt\/wp-json\/wp\/v2\/product\/45313","targetHints":{"allow":["GET"]}}],"collection":[{"href":"https:\/\/baldumarket.lt\/lt\/wp-json\/wp\/v2\/product"}],"about":[{"href":"https:\/\/baldumarket.lt\/lt\/wp-json\/wp\/v2\/types\/product"}],"replies":[{"embeddable":true,"href":"https:\/\/baldumarket.lt\/lt\/wp-json\/wp\/v2\/comments?post=45313"}],"wp:featuredmedia":[{"embeddable":true,"href":"https:\/\/baldumarket.lt\/lt\/wp-json\/wp\/v2\/media\/45314"}],"wp:attachment":[{"href":"https:\/\/baldumarket.lt\/lt\/wp-json\/wp\/v2\/media?parent=45313"}],"wp:term":[{"taxonomy":"product_brand","embeddable":true,"href":"https:\/\/baldumarket.lt\/lt\/wp-json\/wp\/v2\/product_brand?post=45313"},{"taxonomy":"product_cat","embeddable":true,"href":"https:\/\/baldumarket.lt\/lt\/wp-json\/wp\/v2\/product_cat?post=45313"},{"taxonomy":"product_tag","embeddable":true,"href":"https:\/\/baldumarket.lt\/lt\/wp-json\/wp\/v2\/product_tag?post=45313"}],"curies":[{"name":"wp","href":"https:\/\/api.w.org\/{rel}","templated":true}]}}