{"id":44638,"date":"2025-11-21T20:52:04","date_gmt":"2025-11-21T17:52:04","guid":{"rendered":"https:\/\/baldumarket.lt\/product\/sink-cabinet-venezia-su-fjord-matt\/"},"modified":"2026-02-04T00:46:33","modified_gmt":"2026-02-03T21:46:33","slug":"sink-cabinet-venezia-su-fjord-matt","status":"publish","type":"product","link":"https:\/\/baldumarket.lt\/lt\/product\/sink-cabinet-venezia-su-fjord-matt\/","title":{"rendered":"plautuv\u0117s spintel\u0117, VENEZIA SU, fjord mat"},"content":{"rendered":"<h5><span style=\"color: #54859b\">Apsilankykite m\u016bs\u0173 virtualioje HALMAR MEBLE prek\u0117s \u017eenklo parduotuv\u0117je<\/span><\/h5>\n<p> <a href=\"https:\/\/my.matterport.com\/show\/?m=A37Zvh6YfmB\" target=\"_blank\" rel=\"noopener\"><span style=\"color: #e47025\">https:\/\/my.matterport.com\/<\/span><\/a><\/p>","protected":false},"excerpt":{"rendered":"<p>Kriaukl\u0117s spintel\u0117, matmenys: 45\/48\/95 cm, med\u017eiaga: MDF folija dengta plok\u0161t\u0117 \/ stiklas, \u0161velnaus u\u017edarymo b\u0117geliai \u2013 visi\u0161kai i\u0161traukiami, atidarymas stumiant, reguliuojami pakabos, spalva: fjord matin\u0117<\/p>","protected":false},"featured_media":44639,"comment_status":"open","ping_status":"open","template":"","meta":[],"product_brand":[],"product_cat":[9117,2013],"product_tag":[],"class_list":{"0":"post-44638","1":"product","2":"type-product","3":"status-publish","4":"has-post-thumbnail","6":"product_cat-bathroom","7":"product_cat-halmar","9":"first","10":"instock","11":"purchasable","12":"product-type-simple"},"_links":{"self":[{"href":"https:\/\/baldumarket.lt\/lt\/wp-json\/wp\/v2\/product\/44638","targetHints":{"allow":["GET"]}}],"collection":[{"href":"https:\/\/baldumarket.lt\/lt\/wp-json\/wp\/v2\/product"}],"about":[{"href":"https:\/\/baldumarket.lt\/lt\/wp-json\/wp\/v2\/types\/product"}],"replies":[{"embeddable":true,"href":"https:\/\/baldumarket.lt\/lt\/wp-json\/wp\/v2\/comments?post=44638"}],"wp:featuredmedia":[{"embeddable":true,"href":"https:\/\/baldumarket.lt\/lt\/wp-json\/wp\/v2\/media\/44639"}],"wp:attachment":[{"href":"https:\/\/baldumarket.lt\/lt\/wp-json\/wp\/v2\/media?parent=44638"}],"wp:term":[{"taxonomy":"product_brand","embeddable":true,"href":"https:\/\/baldumarket.lt\/lt\/wp-json\/wp\/v2\/product_brand?post=44638"},{"taxonomy":"product_cat","embeddable":true,"href":"https:\/\/baldumarket.lt\/lt\/wp-json\/wp\/v2\/product_cat?post=44638"},{"taxonomy":"product_tag","embeddable":true,"href":"https:\/\/baldumarket.lt\/lt\/wp-json\/wp\/v2\/product_tag?post=44638"}],"curies":[{"name":"wp","href":"https:\/\/api.w.org\/{rel}","templated":true}]}}