{"id":44614,"date":"2025-11-21T20:51:44","date_gmt":"2025-11-21T17:51:44","guid":{"rendered":"https:\/\/baldumarket.lt\/product\/sink-cabinet-toreto-su-80-white-matt\/"},"modified":"2026-02-04T00:46:35","modified_gmt":"2026-02-03T21:46:35","slug":"sink-cabinet-toreto-su-80-white-matt","status":"publish","type":"product","link":"https:\/\/baldumarket.lt\/lt\/product\/sink-cabinet-toreto-su-80-white-matt\/","title":{"rendered":"Kriaukl\u0117s spintel\u0117, TORETO SU-80, balta matin\u0117"},"content":{"rendered":"<h5><span style=\"color: #54859b\">Apsilankykite m\u016bs\u0173 virtualioje HALMAR MEBLE prek\u0117s \u017eenklo parduotuv\u0117je<\/span><\/h5>\n<p> <a href=\"https:\/\/my.matterport.com\/show\/?m=A37Zvh6YfmB\" target=\"_blank\" rel=\"noopener\"><span style=\"color: #e47025\">https:\/\/my.matterport.com\/<\/span><\/a><\/p>","protected":false},"excerpt":{"rendered":"<p>Kriaukl\u0117s spintel\u0117, matmenys: 80\/45\/46 cm, med\u017eiaga: korpusas \u2013 laminuota med\u017eio dro\u017eli\u0173 plok\u0161t\u0117, priekis \u2013 laminuota MDF, \u0161velnaus u\u017edarymo pakabos ir b\u0117geliai, spalva: balta matin\u0117<\/p>","protected":false},"featured_media":44615,"comment_status":"open","ping_status":"open","template":"","meta":[],"product_brand":[],"product_cat":[9117,2013],"product_tag":[],"class_list":{"0":"post-44614","1":"product","2":"type-product","3":"status-publish","4":"has-post-thumbnail","6":"product_cat-bathroom","7":"product_cat-halmar","9":"first","10":"instock","11":"purchasable","12":"product-type-simple"},"_links":{"self":[{"href":"https:\/\/baldumarket.lt\/lt\/wp-json\/wp\/v2\/product\/44614","targetHints":{"allow":["GET"]}}],"collection":[{"href":"https:\/\/baldumarket.lt\/lt\/wp-json\/wp\/v2\/product"}],"about":[{"href":"https:\/\/baldumarket.lt\/lt\/wp-json\/wp\/v2\/types\/product"}],"replies":[{"embeddable":true,"href":"https:\/\/baldumarket.lt\/lt\/wp-json\/wp\/v2\/comments?post=44614"}],"wp:featuredmedia":[{"embeddable":true,"href":"https:\/\/baldumarket.lt\/lt\/wp-json\/wp\/v2\/media\/44615"}],"wp:attachment":[{"href":"https:\/\/baldumarket.lt\/lt\/wp-json\/wp\/v2\/media?parent=44614"}],"wp:term":[{"taxonomy":"product_brand","embeddable":true,"href":"https:\/\/baldumarket.lt\/lt\/wp-json\/wp\/v2\/product_brand?post=44614"},{"taxonomy":"product_cat","embeddable":true,"href":"https:\/\/baldumarket.lt\/lt\/wp-json\/wp\/v2\/product_cat?post=44614"},{"taxonomy":"product_tag","embeddable":true,"href":"https:\/\/baldumarket.lt\/lt\/wp-json\/wp\/v2\/product_tag?post=44614"}],"curies":[{"name":"wp","href":"https:\/\/api.w.org\/{rel}","templated":true}]}}