{"id":44509,"date":"2025-11-21T20:50:16","date_gmt":"2025-11-21T17:50:16","guid":{"rendered":"https:\/\/baldumarket.lt\/product\/roco-ro3-full-cabinet-white-white-mat\/"},"modified":"2026-02-04T00:46:49","modified_gmt":"2026-02-03T21:46:49","slug":"roco-ro3-full-cabinet-white-white-mat","status":"publish","type":"product","link":"https:\/\/baldumarket.lt\/lt\/product\/roco-ro3-full-cabinet-white-white-mat\/","title":{"rendered":"ROCO RO3 PILNA SPINTEL\u0116, balta\/balta matin\u0117"},"content":{"rendered":"<h5><span style=\"color: #54859b\">Apsilankykite m\u016bs\u0173 virtualioje HALMAR MEBLE prek\u0117s \u017eenklo parduotuv\u0117je<\/span><\/h5>\n<p> <a href=\"https:\/\/my.matterport.com\/show\/?m=A37Zvh6YfmB\" target=\"_blank\" rel=\"noopener\"><span style=\"color: #e47025\">https:\/\/my.matterport.com\/<\/span><\/a><\/p>","protected":false},"excerpt":{"rendered":"<p>Matmenys: auk\u0161tis\/plotis\/gylis - 75 cm \/ 37,5 cm \/ 39 cm<br \/>\nmed\u017eiaga<br \/>\nKorpusas: laminuota matin\u0117 med\u017eio dro\u017eli\u0173 plok\u0161t\u0117<br \/>\nPriekin\u0117s dalys: laminuota matin\u0117 MDF plok\u0161t\u0117<br \/>\ngalimyb\u0117 pakabinti \/ pastatyti spintel\u0119 horizontaliai arba vertikaliai<br \/>\nvienas atvartas, atsidarantis \u012f apa\u010di\u0105 arba \u012f \u0161on\u0105 (kair\u0119 \/ de\u0161in\u0119)<br \/>\nviduje n\u0117ra vietos \u2013 n\u0117ra lentyn\u0173<br \/>\npakabinama arba pastatoma spintel\u0117, komplekte yra spintel\u0117s koj\u0173 pagalv\u0117l\u0117s<br \/>\nJei priekin\u0117 dalis turi atsidaryti, tur\u0117tum\u0117te \u012fsigyti dujinius keltuvus (2 vnt. vienai spintelei).<br \/>\nPUSH-CLICK atidarymo sistema<\/p>","protected":false},"featured_media":44510,"comment_status":"open","ping_status":"open","template":"","meta":[],"product_brand":[],"product_cat":[9120,2013],"product_tag":[],"class_list":{"0":"post-44509","1":"product","2":"type-product","3":"status-publish","4":"has-post-thumbnail","6":"product_cat-cabinets","7":"product_cat-halmar","9":"first","10":"instock","11":"purchasable","12":"product-type-simple"},"_links":{"self":[{"href":"https:\/\/baldumarket.lt\/lt\/wp-json\/wp\/v2\/product\/44509","targetHints":{"allow":["GET"]}}],"collection":[{"href":"https:\/\/baldumarket.lt\/lt\/wp-json\/wp\/v2\/product"}],"about":[{"href":"https:\/\/baldumarket.lt\/lt\/wp-json\/wp\/v2\/types\/product"}],"replies":[{"embeddable":true,"href":"https:\/\/baldumarket.lt\/lt\/wp-json\/wp\/v2\/comments?post=44509"}],"wp:featuredmedia":[{"embeddable":true,"href":"https:\/\/baldumarket.lt\/lt\/wp-json\/wp\/v2\/media\/44510"}],"wp:attachment":[{"href":"https:\/\/baldumarket.lt\/lt\/wp-json\/wp\/v2\/media?parent=44509"}],"wp:term":[{"taxonomy":"product_brand","embeddable":true,"href":"https:\/\/baldumarket.lt\/lt\/wp-json\/wp\/v2\/product_brand?post=44509"},{"taxonomy":"product_cat","embeddable":true,"href":"https:\/\/baldumarket.lt\/lt\/wp-json\/wp\/v2\/product_cat?post=44509"},{"taxonomy":"product_tag","embeddable":true,"href":"https:\/\/baldumarket.lt\/lt\/wp-json\/wp\/v2\/product_tag?post=44509"}],"curies":[{"name":"wp","href":"https:\/\/api.w.org\/{rel}","templated":true}]}}