{"id":44432,"date":"2025-11-21T20:49:13","date_gmt":"2025-11-21T17:49:13","guid":{"rendered":"https:\/\/baldumarket.lt\/product\/night-cabinet-nord-votan-oak-antracyt\/"},"modified":"2026-02-04T00:46:57","modified_gmt":"2026-02-03T21:46:57","slug":"night-cabinet-nord-votan-oak-antracyt","status":"publish","type":"product","link":"https:\/\/baldumarket.lt\/lt\/product\/night-cabinet-nord-votan-oak-antracyt\/","title":{"rendered":"naktin\u0117 spintel\u0117 NORD votan \u0105\u017euolas\/antracitas"},"content":{"rendered":"<h5><span style=\"color: #54859b\">Apsilankykite m\u016bs\u0173 virtualioje HALMAR MEBLE prek\u0117s \u017eenklo parduotuv\u0117je<\/span><\/h5>\n<p> <a href=\"https:\/\/my.matterport.com\/show\/?m=A37Zvh6YfmB\" target=\"_blank\" rel=\"noopener\"><span style=\"color: #e47025\">https:\/\/my.matterport.com\/<\/span><\/a><\/p>","protected":false},"excerpt":{"rendered":"<p>matmenys:<br \/>\nauk\u0161tis\/plotis\/gylis - 182,5 cm \/ 60 cm \/ 38 cm<br \/>\nmed\u017eiaga<br \/>\nKorpusas ir fasadas: laminuota med\u017eio dro\u017eli\u0173 plok\u0161t\u0117 16 mm<br \/>\nKojel\u0117s: plastikin\u0117s, juodos<br \/>\nRankena: tr\u016bksta, sistemos paspaudimas \u2013 spragtel\u0117jimas<br \/>\n1 d\u0117\u017eut\u0117 = 2 vnt.<br \/>\nMinimalus u\u017esakymo kiekis 2 vnt.<\/p>","protected":false},"featured_media":44433,"comment_status":"open","ping_status":"open","template":"","meta":[],"product_brand":[],"product_cat":[1176,2013],"product_tag":[],"class_list":{"0":"post-44432","1":"product","2":"type-product","3":"status-publish","4":"has-post-thumbnail","6":"product_cat-bedside-tables","7":"product_cat-halmar","9":"first","10":"instock","11":"purchasable","12":"product-type-simple"},"_links":{"self":[{"href":"https:\/\/baldumarket.lt\/lt\/wp-json\/wp\/v2\/product\/44432","targetHints":{"allow":["GET"]}}],"collection":[{"href":"https:\/\/baldumarket.lt\/lt\/wp-json\/wp\/v2\/product"}],"about":[{"href":"https:\/\/baldumarket.lt\/lt\/wp-json\/wp\/v2\/types\/product"}],"replies":[{"embeddable":true,"href":"https:\/\/baldumarket.lt\/lt\/wp-json\/wp\/v2\/comments?post=44432"}],"wp:featuredmedia":[{"embeddable":true,"href":"https:\/\/baldumarket.lt\/lt\/wp-json\/wp\/v2\/media\/44433"}],"wp:attachment":[{"href":"https:\/\/baldumarket.lt\/lt\/wp-json\/wp\/v2\/media?parent=44432"}],"wp:term":[{"taxonomy":"product_brand","embeddable":true,"href":"https:\/\/baldumarket.lt\/lt\/wp-json\/wp\/v2\/product_brand?post=44432"},{"taxonomy":"product_cat","embeddable":true,"href":"https:\/\/baldumarket.lt\/lt\/wp-json\/wp\/v2\/product_cat?post=44432"},{"taxonomy":"product_tag","embeddable":true,"href":"https:\/\/baldumarket.lt\/lt\/wp-json\/wp\/v2\/product_tag?post=44432"}],"curies":[{"name":"wp","href":"https:\/\/api.w.org\/{rel}","templated":true}]}}