{"id":44426,"date":"2025-11-21T20:49:08","date_gmt":"2025-11-21T17:49:08","guid":{"rendered":"https:\/\/baldumarket.lt\/product\/night-cabinet-gloss-white-gloss-white-set-of-2\/"},"modified":"2026-02-04T00:46:58","modified_gmt":"2026-02-03T21:46:58","slug":"night-cabinet-gloss-white-gloss-white-set-of-2","status":"publish","type":"product","link":"https:\/\/baldumarket.lt\/lt\/product\/night-cabinet-gloss-white-gloss-white-set-of-2\/","title":{"rendered":"naktin\u0117 spintel\u0117, blizgi balta\/blizgi balta (2 vnt. rinkinys)"},"content":{"rendered":"<h5><span style=\"color: #54859b\">Apsilankykite m\u016bs\u0173 virtualioje HALMAR MEBLE prek\u0117s \u017eenklo parduotuv\u0117je<\/span><\/h5>\n<p> <a href=\"https:\/\/my.matterport.com\/show\/?m=A37Zvh6YfmB\" target=\"_blank\" rel=\"noopener\"><span style=\"color: #e47025\">https:\/\/my.matterport.com\/<\/span><\/a><\/p>","protected":false},"excerpt":{"rendered":"<p>Matmenys: auk\u0161tis\/plotis\/gylis - 53 cm \/ 46 cm \/ 41,5 cm<br \/>\nmed\u017eiaga<br \/>\n\u0160onai ir priekin\u0117 dalis: blizgi laminuota MDF plok\u0161t\u0117 su matomomis frezomis<br \/>\nVir\u0161us: blizgi laminuota MDF plok\u0161t\u0117<br \/>\nKojel\u0117s: cokolis<br \/>\nRankenos: priekin\u0117s dalys i\u0161siki\u0161a vir\u0161 stalvir\u0161io<br \/>\nAp\u0161vietimas: m\u0117lynas arba RGB, skirtas QIU komodai, u\u017esakomas atskirai<\/p>\n<p>pakuot\u0117s matmenys:<br \/>\n1\/1 d\u0117\u017e\u0117: 61x46x28; svoris 16 kg<\/p>","protected":false},"featured_media":44427,"comment_status":"open","ping_status":"open","template":"","meta":[],"product_brand":[],"product_cat":[1176,2013],"product_tag":[],"class_list":{"0":"post-44426","1":"product","2":"type-product","3":"status-publish","4":"has-post-thumbnail","6":"product_cat-bedside-tables","7":"product_cat-halmar","9":"first","10":"instock","11":"purchasable","12":"product-type-simple"},"_links":{"self":[{"href":"https:\/\/baldumarket.lt\/lt\/wp-json\/wp\/v2\/product\/44426","targetHints":{"allow":["GET"]}}],"collection":[{"href":"https:\/\/baldumarket.lt\/lt\/wp-json\/wp\/v2\/product"}],"about":[{"href":"https:\/\/baldumarket.lt\/lt\/wp-json\/wp\/v2\/types\/product"}],"replies":[{"embeddable":true,"href":"https:\/\/baldumarket.lt\/lt\/wp-json\/wp\/v2\/comments?post=44426"}],"wp:featuredmedia":[{"embeddable":true,"href":"https:\/\/baldumarket.lt\/lt\/wp-json\/wp\/v2\/media\/44427"}],"wp:attachment":[{"href":"https:\/\/baldumarket.lt\/lt\/wp-json\/wp\/v2\/media?parent=44426"}],"wp:term":[{"taxonomy":"product_brand","embeddable":true,"href":"https:\/\/baldumarket.lt\/lt\/wp-json\/wp\/v2\/product_brand?post=44426"},{"taxonomy":"product_cat","embeddable":true,"href":"https:\/\/baldumarket.lt\/lt\/wp-json\/wp\/v2\/product_cat?post=44426"},{"taxonomy":"product_tag","embeddable":true,"href":"https:\/\/baldumarket.lt\/lt\/wp-json\/wp\/v2\/product_tag?post=44426"}],"curies":[{"name":"wp","href":"https:\/\/api.w.org\/{rel}","templated":true}]}}