{"id":44402,"date":"2025-11-21T20:48:47","date_gmt":"2025-11-21T17:48:47","guid":{"rendered":"https:\/\/baldumarket.lt\/product\/mobius-low-cabinet-1d-color-hikora-oak-light-blue\/"},"modified":"2026-02-04T00:47:06","modified_gmt":"2026-02-03T21:47:06","slug":"mobius-low-cabinet-1d-color-hikora-oak-light-blue","status":"publish","type":"product","link":"https:\/\/baldumarket.lt\/lt\/product\/mobius-low-cabinet-1d-color-hikora-oak-light-blue\/","title":{"rendered":"MOBIUS \u017eema spintel\u0117 1D spalva: hikorijos \u0105\u017euolas\/\u0161viesiai m\u0117lyna"},"content":{"rendered":"<h5><span style=\"color: #54859b\">Apsilankykite m\u016bs\u0173 virtualioje HALMAR MEBLE prek\u0117s \u017eenklo parduotuv\u0117je<\/span><\/h5>\n<p> <a href=\"https:\/\/my.matterport.com\/show\/?m=A37Zvh6YfmB\" target=\"_blank\" rel=\"noopener\"><span style=\"color: #e47025\">https:\/\/my.matterport.com\/<\/span><\/a><\/p>","protected":false},"excerpt":{"rendered":"<p>Matmenys: 50\/41\/36 cm, med\u017eiaga: laminuota med\u017eio dro\u017eli\u0173 plok\u0161t\u0117, ABS kra\u0161tai, spustel\u0117jimo mechanizmas, spalva: \u0105\u017euolas \u201ehikora\u201c \/ \u0161viesiai m\u0117lyna<\/p>","protected":false},"featured_media":44403,"comment_status":"open","ping_status":"open","template":"","meta":[],"product_brand":[],"product_cat":[9120,2013],"product_tag":[],"class_list":{"0":"post-44402","1":"product","2":"type-product","3":"status-publish","4":"has-post-thumbnail","6":"product_cat-cabinets","7":"product_cat-halmar","9":"first","10":"instock","11":"purchasable","12":"product-type-simple"},"_links":{"self":[{"href":"https:\/\/baldumarket.lt\/lt\/wp-json\/wp\/v2\/product\/44402","targetHints":{"allow":["GET"]}}],"collection":[{"href":"https:\/\/baldumarket.lt\/lt\/wp-json\/wp\/v2\/product"}],"about":[{"href":"https:\/\/baldumarket.lt\/lt\/wp-json\/wp\/v2\/types\/product"}],"replies":[{"embeddable":true,"href":"https:\/\/baldumarket.lt\/lt\/wp-json\/wp\/v2\/comments?post=44402"}],"wp:featuredmedia":[{"embeddable":true,"href":"https:\/\/baldumarket.lt\/lt\/wp-json\/wp\/v2\/media\/44403"}],"wp:attachment":[{"href":"https:\/\/baldumarket.lt\/lt\/wp-json\/wp\/v2\/media?parent=44402"}],"wp:term":[{"taxonomy":"product_brand","embeddable":true,"href":"https:\/\/baldumarket.lt\/lt\/wp-json\/wp\/v2\/product_brand?post=44402"},{"taxonomy":"product_cat","embeddable":true,"href":"https:\/\/baldumarket.lt\/lt\/wp-json\/wp\/v2\/product_cat?post=44402"},{"taxonomy":"product_tag","embeddable":true,"href":"https:\/\/baldumarket.lt\/lt\/wp-json\/wp\/v2\/product_tag?post=44402"}],"curies":[{"name":"wp","href":"https:\/\/api.w.org\/{rel}","templated":true}]}}