{"id":44289,"date":"2025-11-21T20:47:03","date_gmt":"2025-11-21T17:47:03","guid":{"rendered":"https:\/\/baldumarket.lt\/product\/jungle-bed-side-cabinet-2pcs-1-set-black-mat-black-mat\/"},"modified":"2026-02-04T00:47:30","modified_gmt":"2026-02-03T21:47:30","slug":"jungle-bed-side-cabinet-2pcs-1-set-black-mat-black-mat","status":"publish","type":"product","link":"https:\/\/baldumarket.lt\/lt\/product\/jungle-bed-side-cabinet-2pcs-1-set-black-mat-black-mat\/","title":{"rendered":"JUNGLE lovos \u0161onin\u0117s spintel\u0117s (2 vnt. = 1 komplektas) juodas kilim\u0117lis\/juodas kilim\u0117lis"},"content":{"rendered":"<h5><span style=\"color: #54859b\">Apsilankykite m\u016bs\u0173 virtualioje HALMAR MEBLE prek\u0117s \u017eenklo parduotuv\u0117je<\/span><\/h5>\n<p> <a href=\"https:\/\/my.matterport.com\/show\/?m=A37Zvh6YfmB\" target=\"_blank\" rel=\"noopener\"><span style=\"color: #e47025\">https:\/\/my.matterport.com\/<\/span><\/a><\/p>","protected":false},"excerpt":{"rendered":"<p>matmenys: auk\u0161tis\/plotis\/gylis 53,5 cm \/ 44 cm \/ 40,5 cm,<br \/>\nmed\u017eiaga:<br \/>\nKorpusas: matin\u0117 laminuota med\u017eio dro\u017eli\u0173 plok\u0161t\u0117 16 mm<br \/>\nPriekin\u0117 dalis: Laminuota MDF plok\u0161t\u0117, apdengta 18 mm folija, su matomomis pjaustymo briaunomis<br \/>\nKra\u0161tai: juodi \u2013 PCV<br \/>\nKojel\u0117s: metalin\u0117s<br \/>\nRankena: n\u0117ra sistemos STUMTI \u2013 SPRAUKTI<\/p>\n<p>pakuot\u0117s matmenys:<br \/>\nD\u0117\u017e\u0117: 58 \u00d7 44,5 \u00d7 19, svoris 21 kg<\/p>","protected":false},"featured_media":44290,"comment_status":"open","ping_status":"open","template":"","meta":[],"product_brand":[],"product_cat":[1176,2013],"product_tag":[],"class_list":{"0":"post-44289","1":"product","2":"type-product","3":"status-publish","4":"has-post-thumbnail","6":"product_cat-bedside-tables","7":"product_cat-halmar","9":"first","10":"instock","11":"purchasable","12":"product-type-simple"},"_links":{"self":[{"href":"https:\/\/baldumarket.lt\/lt\/wp-json\/wp\/v2\/product\/44289","targetHints":{"allow":["GET"]}}],"collection":[{"href":"https:\/\/baldumarket.lt\/lt\/wp-json\/wp\/v2\/product"}],"about":[{"href":"https:\/\/baldumarket.lt\/lt\/wp-json\/wp\/v2\/types\/product"}],"replies":[{"embeddable":true,"href":"https:\/\/baldumarket.lt\/lt\/wp-json\/wp\/v2\/comments?post=44289"}],"wp:featuredmedia":[{"embeddable":true,"href":"https:\/\/baldumarket.lt\/lt\/wp-json\/wp\/v2\/media\/44290"}],"wp:attachment":[{"href":"https:\/\/baldumarket.lt\/lt\/wp-json\/wp\/v2\/media?parent=44289"}],"wp:term":[{"taxonomy":"product_brand","embeddable":true,"href":"https:\/\/baldumarket.lt\/lt\/wp-json\/wp\/v2\/product_brand?post=44289"},{"taxonomy":"product_cat","embeddable":true,"href":"https:\/\/baldumarket.lt\/lt\/wp-json\/wp\/v2\/product_cat?post=44289"},{"taxonomy":"product_tag","embeddable":true,"href":"https:\/\/baldumarket.lt\/lt\/wp-json\/wp\/v2\/product_tag?post=44289"}],"curies":[{"name":"wp","href":"https:\/\/api.w.org\/{rel}","templated":true}]}}