{"id":44233,"date":"2025-11-21T20:46:08","date_gmt":"2025-11-21T17:46:08","guid":{"rendered":"https:\/\/baldumarket.lt\/product\/cabinet-60-abeto-mat-white-gloss-white\/"},"modified":"2026-02-04T00:47:41","modified_gmt":"2026-02-03T21:47:41","slug":"cabinet-60-abeto-mat-white-gloss-white","status":"publish","type":"product","link":"https:\/\/baldumarket.lt\/lt\/product\/cabinet-60-abeto-mat-white-gloss-white\/","title":{"rendered":"SPINTEL\u0116 60 ABETO matin\u0117 balta\/blizgi balta"},"content":{"rendered":"<h5><span style=\"color: #54859b\">Apsilankykite m\u016bs\u0173 virtualioje HALMAR MEBLE prek\u0117s \u017eenklo parduotuv\u0117je<\/span><\/h5>\n<p> <a href=\"https:\/\/my.matterport.com\/show\/?m=A37Zvh6YfmB\" target=\"_blank\" rel=\"noopener\"><span style=\"color: #e47025\">https:\/\/my.matterport.com\/<\/span><\/a><\/p>","protected":false},"excerpt":{"rendered":"<p>matmenys: auk\u0161tis\/plotis\/gylis 176,50 cm \/ 60 cm \/ 40 cm,<br \/>\nmed\u017eiaga:<br \/>\nKorpusas: matin\u0117 laminuota med\u017eio dro\u017eli\u0173 plok\u0161t\u0117, 16 mm<br \/>\nPriekin\u0117 dalis: Laminuota MDF plok\u0161t\u0117, apdengta 16 mm folija, su matomomis pjaustymo briaunomis<br \/>\nKra\u0161tai: ABS<br \/>\nKojel\u0117s: juodos spalvos plastikas<br \/>\nRankena: SISTEMOS PU\u0160IMO SPRAUKIMAS<\/p>\n<p>Pakuot\u0117s matmenys:<br \/>\n1\/2 \u2013 171 x 45 x 7 \u2013 21 kg<br \/>\n2\/2 \u2013 69,5 x 60 x 14,5 \u2013 26 kg<\/p>","protected":false},"featured_media":44234,"comment_status":"open","ping_status":"open","template":"","meta":[],"product_brand":[],"product_cat":[2013,1177],"product_tag":[],"class_list":{"0":"post-44233","1":"product","2":"type-product","3":"status-publish","4":"has-post-thumbnail","6":"product_cat-halmar","7":"product_cat-wardrobes","9":"first","10":"instock","11":"purchasable","12":"product-type-simple"},"_links":{"self":[{"href":"https:\/\/baldumarket.lt\/lt\/wp-json\/wp\/v2\/product\/44233","targetHints":{"allow":["GET"]}}],"collection":[{"href":"https:\/\/baldumarket.lt\/lt\/wp-json\/wp\/v2\/product"}],"about":[{"href":"https:\/\/baldumarket.lt\/lt\/wp-json\/wp\/v2\/types\/product"}],"replies":[{"embeddable":true,"href":"https:\/\/baldumarket.lt\/lt\/wp-json\/wp\/v2\/comments?post=44233"}],"wp:featuredmedia":[{"embeddable":true,"href":"https:\/\/baldumarket.lt\/lt\/wp-json\/wp\/v2\/media\/44234"}],"wp:attachment":[{"href":"https:\/\/baldumarket.lt\/lt\/wp-json\/wp\/v2\/media?parent=44233"}],"wp:term":[{"taxonomy":"product_brand","embeddable":true,"href":"https:\/\/baldumarket.lt\/lt\/wp-json\/wp\/v2\/product_brand?post=44233"},{"taxonomy":"product_cat","embeddable":true,"href":"https:\/\/baldumarket.lt\/lt\/wp-json\/wp\/v2\/product_cat?post=44233"},{"taxonomy":"product_tag","embeddable":true,"href":"https:\/\/baldumarket.lt\/lt\/wp-json\/wp\/v2\/product_tag?post=44233"}],"curies":[{"name":"wp","href":"https:\/\/api.w.org\/{rel}","templated":true}]}}