{"id":44160,"date":"2025-11-21T20:45:07","date_gmt":"2025-11-21T17:45:07","guid":{"rendered":"https:\/\/baldumarket.lt\/product\/velva-bench-color-grey-gold\/"},"modified":"2026-02-04T00:47:50","modified_gmt":"2026-02-03T21:47:50","slug":"velva-bench-color-grey-gold","status":"publish","type":"product","link":"https:\/\/baldumarket.lt\/lt\/product\/velva-bench-color-grey-gold\/","title":{"rendered":"VELVA suoliuko spalva: pilka\/auksin\u0117"},"content":{"rendered":"<h5><span style=\"color: #54859b\">Apsilankykite m\u016bs\u0173 virtualioje HALMAR MEBLE prek\u0117s \u017eenklo parduotuv\u0117je<\/span><\/h5>\n<p> <a href=\"https:\/\/my.matterport.com\/show\/?m=A37Zvh6YfmB\" target=\"_blank\" rel=\"noopener\"><span style=\"color: #e47025\">https:\/\/my.matterport.com\/<\/span><\/a><\/p>","protected":false},"excerpt":{"rendered":"<p>Matmenys: 78\/37\/42 cm, suolas su daiktad\u0117\u017ee, med\u017eiaga: aksominis audinys \/ chromuotas plienas arba milteliniu b\u016bdu da\u017eytas plienas, spalva: pilka \/ auksin\u0117<\/p>","protected":false},"featured_media":44161,"comment_status":"open","ping_status":"open","template":"","meta":[],"product_brand":[],"product_cat":[1928,2013],"product_tag":[],"class_list":{"0":"post-44160","1":"product","2":"type-product","3":"status-publish","4":"has-post-thumbnail","6":"product_cat-benches","7":"product_cat-halmar","9":"first","10":"instock","11":"purchasable","12":"product-type-simple"},"_links":{"self":[{"href":"https:\/\/baldumarket.lt\/lt\/wp-json\/wp\/v2\/product\/44160","targetHints":{"allow":["GET"]}}],"collection":[{"href":"https:\/\/baldumarket.lt\/lt\/wp-json\/wp\/v2\/product"}],"about":[{"href":"https:\/\/baldumarket.lt\/lt\/wp-json\/wp\/v2\/types\/product"}],"replies":[{"embeddable":true,"href":"https:\/\/baldumarket.lt\/lt\/wp-json\/wp\/v2\/comments?post=44160"}],"wp:featuredmedia":[{"embeddable":true,"href":"https:\/\/baldumarket.lt\/lt\/wp-json\/wp\/v2\/media\/44161"}],"wp:attachment":[{"href":"https:\/\/baldumarket.lt\/lt\/wp-json\/wp\/v2\/media?parent=44160"}],"wp:term":[{"taxonomy":"product_brand","embeddable":true,"href":"https:\/\/baldumarket.lt\/lt\/wp-json\/wp\/v2\/product_brand?post=44160"},{"taxonomy":"product_cat","embeddable":true,"href":"https:\/\/baldumarket.lt\/lt\/wp-json\/wp\/v2\/product_cat?post=44160"},{"taxonomy":"product_tag","embeddable":true,"href":"https:\/\/baldumarket.lt\/lt\/wp-json\/wp\/v2\/product_tag?post=44160"}],"curies":[{"name":"wp","href":"https:\/\/api.w.org\/{rel}","templated":true}]}}