{"id":43984,"date":"2025-11-21T20:42:41","date_gmt":"2025-11-21T17:42:41","guid":{"rendered":"https:\/\/baldumarket.lt\/product\/onda-night-stand-2pcs-1-box-labrador\/"},"modified":"2026-02-04T00:48:10","modified_gmt":"2026-02-03T21:48:10","slug":"onda-night-stand-2pcs-1-box-labrador","status":"publish","type":"product","link":"https:\/\/baldumarket.lt\/lt\/product\/onda-night-stand-2pcs-1-box-labrador\/","title":{"rendered":"ONDA naktinis staliukas (2 vnt. = 1 d\u0117\u017eut\u0117) labradoro spalvos"},"content":{"rendered":"<h5><span style=\"color: #54859b\">Apsilankykite m\u016bs\u0173 virtualioje HALMAR MEBLE prek\u0117s \u017eenklo parduotuv\u0117je<\/span><\/h5>\n<p> <a href=\"https:\/\/my.matterport.com\/show\/?m=A37Zvh6YfmB\" target=\"_blank\" rel=\"noopener\"><span style=\"color: #e47025\">https:\/\/my.matterport.com\/<\/span><\/a><\/p>","protected":false},"excerpt":{"rendered":"<p>auk\u0161tis\/plotis\/gylis - 54 cm \/ 50 cm \/ 40 cm<br \/>\nKorpusas: laminuota med\u017eio dro\u017eli\u0173 plok\u0161t\u0117 16 mm<br \/>\nPriekin\u0117s dalys: 18 mm frezuotas MDF + PCV folija<br \/>\nVir\u0161utinis kra\u0161tas: laminuota med\u017eio dro\u017eli\u0173 plok\u0161t\u0117 16 mm<br \/>\nnugara: med\u017eio dro\u017eli\u0173 plok\u0161t\u0117 MDF 3 mm<br \/>\nU\u017esilaikantys: su \u0161velniu u\u017edarymu<br \/>\nKojel\u0117s: plienin\u0117s, 20 cm auk\u0161\u010dio, be reguliavimo<br \/>\nRankena: priekin\u0117 dalis i\u0161siki\u0161a vir\u0161 vir\u0161utinio kra\u0161to<\/p>","protected":false},"featured_media":43985,"comment_status":"open","ping_status":"open","template":"","meta":[],"product_brand":[],"product_cat":[1176,2013],"product_tag":[],"class_list":{"0":"post-43984","1":"product","2":"type-product","3":"status-publish","4":"has-post-thumbnail","6":"product_cat-bedside-tables","7":"product_cat-halmar","9":"first","10":"instock","11":"purchasable","12":"product-type-simple"},"_links":{"self":[{"href":"https:\/\/baldumarket.lt\/lt\/wp-json\/wp\/v2\/product\/43984","targetHints":{"allow":["GET"]}}],"collection":[{"href":"https:\/\/baldumarket.lt\/lt\/wp-json\/wp\/v2\/product"}],"about":[{"href":"https:\/\/baldumarket.lt\/lt\/wp-json\/wp\/v2\/types\/product"}],"replies":[{"embeddable":true,"href":"https:\/\/baldumarket.lt\/lt\/wp-json\/wp\/v2\/comments?post=43984"}],"wp:featuredmedia":[{"embeddable":true,"href":"https:\/\/baldumarket.lt\/lt\/wp-json\/wp\/v2\/media\/43985"}],"wp:attachment":[{"href":"https:\/\/baldumarket.lt\/lt\/wp-json\/wp\/v2\/media?parent=43984"}],"wp:term":[{"taxonomy":"product_brand","embeddable":true,"href":"https:\/\/baldumarket.lt\/lt\/wp-json\/wp\/v2\/product_brand?post=43984"},{"taxonomy":"product_cat","embeddable":true,"href":"https:\/\/baldumarket.lt\/lt\/wp-json\/wp\/v2\/product_cat?post=43984"},{"taxonomy":"product_tag","embeddable":true,"href":"https:\/\/baldumarket.lt\/lt\/wp-json\/wp\/v2\/product_tag?post=43984"}],"curies":[{"name":"wp","href":"https:\/\/api.w.org\/{rel}","templated":true}]}}