{"id":43960,"date":"2025-11-21T20:42:20","date_gmt":"2025-11-21T17:42:20","guid":{"rendered":"https:\/\/baldumarket.lt\/product\/borneo-sn-1-night-stand-artisan-oak-black\/"},"modified":"2026-02-04T00:48:13","modified_gmt":"2026-02-03T21:48:13","slug":"borneo-sn-1-night-stand-artisan-oak-black","status":"publish","type":"product","link":"https:\/\/baldumarket.lt\/lt\/product\/borneo-sn-1-night-stand-artisan-oak-black\/","title":{"rendered":"BORNEO SN-1 naktinis staliukas, \u0105\u017euolo imitacija \/ juoda"},"content":{"rendered":"<h5><span style=\"color: #54859b\">Apsilankykite m\u016bs\u0173 virtualioje HALMAR MEBLE prek\u0117s \u017eenklo parduotuv\u0117je<\/span><\/h5>\n<p> <a href=\"https:\/\/my.matterport.com\/show\/?m=A37Zvh6YfmB\" target=\"_blank\" rel=\"noopener\"><span style=\"color: #e47025\">https:\/\/my.matterport.com\/<\/span><\/a><\/p>","protected":false},"excerpt":{"rendered":"<p>Naktinis staliukas, matmenys: 50\/34\/52 cm, med\u017eiaga: laminuota med\u017eio dro\u017eli\u0173 plok\u0161t\u0117 \/ laminuotas MDF \/ laminuotas HDF plok\u0161t\u0117 \/ polipropilenas, spalva: \u0105\u017euolas \/ juoda<br \/>\nPastaba: pynimo ra\u0161tas yra atspausdintas<\/p>","protected":false},"featured_media":43961,"comment_status":"open","ping_status":"open","template":"","meta":[],"product_brand":[],"product_cat":[1176,2013],"product_tag":[],"class_list":{"0":"post-43960","1":"product","2":"type-product","3":"status-publish","4":"has-post-thumbnail","6":"product_cat-bedside-tables","7":"product_cat-halmar","9":"first","10":"instock","11":"purchasable","12":"product-type-simple"},"_links":{"self":[{"href":"https:\/\/baldumarket.lt\/lt\/wp-json\/wp\/v2\/product\/43960","targetHints":{"allow":["GET"]}}],"collection":[{"href":"https:\/\/baldumarket.lt\/lt\/wp-json\/wp\/v2\/product"}],"about":[{"href":"https:\/\/baldumarket.lt\/lt\/wp-json\/wp\/v2\/types\/product"}],"replies":[{"embeddable":true,"href":"https:\/\/baldumarket.lt\/lt\/wp-json\/wp\/v2\/comments?post=43960"}],"wp:featuredmedia":[{"embeddable":true,"href":"https:\/\/baldumarket.lt\/lt\/wp-json\/wp\/v2\/media\/43961"}],"wp:attachment":[{"href":"https:\/\/baldumarket.lt\/lt\/wp-json\/wp\/v2\/media?parent=43960"}],"wp:term":[{"taxonomy":"product_brand","embeddable":true,"href":"https:\/\/baldumarket.lt\/lt\/wp-json\/wp\/v2\/product_brand?post=43960"},{"taxonomy":"product_cat","embeddable":true,"href":"https:\/\/baldumarket.lt\/lt\/wp-json\/wp\/v2\/product_cat?post=43960"},{"taxonomy":"product_tag","embeddable":true,"href":"https:\/\/baldumarket.lt\/lt\/wp-json\/wp\/v2\/product_tag?post=43960"}],"curies":[{"name":"wp","href":"https:\/\/api.w.org\/{rel}","templated":true}]}}