{"id":43940,"date":"2025-11-21T20:41:56","date_gmt":"2025-11-21T17:41:56","guid":{"rendered":"https:\/\/baldumarket.lt\/product\/verso-f-module-bed-white\/"},"modified":"2026-02-04T00:48:18","modified_gmt":"2026-02-03T21:48:18","slug":"verso-f-module-bed-white","status":"publish","type":"product","link":"https:\/\/baldumarket.lt\/lt\/product\/verso-f-module-bed-white\/","title":{"rendered":"VERSO F modulis, lova, balta"},"content":{"rendered":"<h5><span style=\"color: #54859b\">Apsilankykite m\u016bs\u0173 virtualioje HALMAR MEBLE prek\u0117s \u017eenklo parduotuv\u0117je<\/span><\/h5>\n<p> <a href=\"https:\/\/my.matterport.com\/show\/?m=A37Zvh6YfmB\" target=\"_blank\" rel=\"noopener\"><span style=\"color: #e47025\">https:\/\/my.matterport.com\/<\/span><\/a><\/p>","protected":false},"excerpt":{"rendered":"<p>Matmenys: 205\/95\/34 cm; med\u017eiaga: laminuota med\u017eio dro\u017eli\u0173 plok\u0161t\u0117, spalva balta; * modulis komplektuojamas su r\u0117mu, ** lova be \u010diu\u017einio, pasirinktinai galimas \u010diu\u017einys NEAPOL, matmenys: 200\/90\/12 cm<\/p>","protected":false},"featured_media":43941,"comment_status":"open","ping_status":"open","template":"","meta":[],"product_brand":[],"product_cat":[505,2013,9148],"product_tag":[],"class_list":{"0":"post-43940","1":"product","2":"type-product","3":"status-publish","4":"has-post-thumbnail","6":"product_cat-bedroom-beds","7":"product_cat-halmar","8":"product_cat-beds-halmar","10":"first","11":"instock","12":"purchasable","13":"product-type-simple"},"_links":{"self":[{"href":"https:\/\/baldumarket.lt\/lt\/wp-json\/wp\/v2\/product\/43940","targetHints":{"allow":["GET"]}}],"collection":[{"href":"https:\/\/baldumarket.lt\/lt\/wp-json\/wp\/v2\/product"}],"about":[{"href":"https:\/\/baldumarket.lt\/lt\/wp-json\/wp\/v2\/types\/product"}],"replies":[{"embeddable":true,"href":"https:\/\/baldumarket.lt\/lt\/wp-json\/wp\/v2\/comments?post=43940"}],"wp:featuredmedia":[{"embeddable":true,"href":"https:\/\/baldumarket.lt\/lt\/wp-json\/wp\/v2\/media\/43941"}],"wp:attachment":[{"href":"https:\/\/baldumarket.lt\/lt\/wp-json\/wp\/v2\/media?parent=43940"}],"wp:term":[{"taxonomy":"product_brand","embeddable":true,"href":"https:\/\/baldumarket.lt\/lt\/wp-json\/wp\/v2\/product_brand?post=43940"},{"taxonomy":"product_cat","embeddable":true,"href":"https:\/\/baldumarket.lt\/lt\/wp-json\/wp\/v2\/product_cat?post=43940"},{"taxonomy":"product_tag","embeddable":true,"href":"https:\/\/baldumarket.lt\/lt\/wp-json\/wp\/v2\/product_tag?post=43940"}],"curies":[{"name":"wp","href":"https:\/\/api.w.org\/{rel}","templated":true}]}}