{"id":43708,"date":"2025-11-21T20:38:23","date_gmt":"2025-11-21T17:38:23","guid":{"rendered":"https:\/\/baldumarket.lt\/product\/modulo-corps-bed-160-mustard-monolith-48\/"},"modified":"2026-02-04T00:48:49","modified_gmt":"2026-02-03T21:48:49","slug":"modulo-corps-bed-160-mustard-monolith-48","status":"publish","type":"product","link":"https:\/\/baldumarket.lt\/lt\/product\/modulo-corps-bed-160-mustard-monolith-48\/","title":{"rendered":"MODULO korpusin\u0117 lova 160, garsty\u010di\u0173 spalvos Monolith 48"},"content":{"rendered":"<h5><span style=\"color: #54859b\">Apsilankykite m\u016bs\u0173 virtualioje HALMAR MEBLE prek\u0117s \u017eenklo parduotuv\u0117je<\/span><\/h5>\n<p> <a href=\"https:\/\/my.matterport.com\/show\/?m=A37Zvh6YfmB\" target=\"_blank\" rel=\"noopener\"><span style=\"color: #e47025\">https:\/\/my.matterport.com\/<\/span><\/a><\/p>","protected":false},"excerpt":{"rendered":"<p>MODULO lovos r\u0117mas su patalyn\u0117s d\u0117\u017ee ir pakeliamu r\u0117mu, matmenys: 208\/175\/44 cm, 2,5 cm atstumas tarp r\u0117mo lenteli\u0173 leid\u017eia naudoti vis\u0173 tip\u0173 \u010diu\u017einius, med\u017eiaga: audinys \u2013 aksomas, spalva: garsty\u010di\u0173 spalvos (Monolith 48), lova be \u010diu\u017einio, pasirinktinai galima rinktis POLARIS 160 arba SYRIUSZ 160 \u010diu\u017ein\u012f. Nor\u0117dami sukomplektuoti vis\u0105 lov\u0105, u\u017esisakykite lovos korpus\u0105, galv\u016bgal\u012f ir lovos kojeles.<\/p>","protected":false},"featured_media":43709,"comment_status":"open","ping_status":"open","template":"","meta":[],"product_brand":[],"product_cat":[505,2013,9148],"product_tag":[],"class_list":{"0":"post-43708","1":"product","2":"type-product","3":"status-publish","4":"has-post-thumbnail","6":"product_cat-bedroom-beds","7":"product_cat-halmar","8":"product_cat-beds-halmar","10":"first","11":"instock","12":"purchasable","13":"product-type-simple"},"_links":{"self":[{"href":"https:\/\/baldumarket.lt\/lt\/wp-json\/wp\/v2\/product\/43708","targetHints":{"allow":["GET"]}}],"collection":[{"href":"https:\/\/baldumarket.lt\/lt\/wp-json\/wp\/v2\/product"}],"about":[{"href":"https:\/\/baldumarket.lt\/lt\/wp-json\/wp\/v2\/types\/product"}],"replies":[{"embeddable":true,"href":"https:\/\/baldumarket.lt\/lt\/wp-json\/wp\/v2\/comments?post=43708"}],"wp:featuredmedia":[{"embeddable":true,"href":"https:\/\/baldumarket.lt\/lt\/wp-json\/wp\/v2\/media\/43709"}],"wp:attachment":[{"href":"https:\/\/baldumarket.lt\/lt\/wp-json\/wp\/v2\/media?parent=43708"}],"wp:term":[{"taxonomy":"product_brand","embeddable":true,"href":"https:\/\/baldumarket.lt\/lt\/wp-json\/wp\/v2\/product_brand?post=43708"},{"taxonomy":"product_cat","embeddable":true,"href":"https:\/\/baldumarket.lt\/lt\/wp-json\/wp\/v2\/product_cat?post=43708"},{"taxonomy":"product_tag","embeddable":true,"href":"https:\/\/baldumarket.lt\/lt\/wp-json\/wp\/v2\/product_tag?post=43708"}],"curies":[{"name":"wp","href":"https:\/\/api.w.org\/{rel}","templated":true}]}}